{"id":24236,"date":"2016-09-10T03:27:43","date_gmt":"2016-09-10T01:27:43","guid":{"rendered":"https:\/\/electriciens-sans-frontieres.org\/our-action-principles\/"},"modified":"2026-04-02T09:58:35","modified_gmt":"2026-04-02T07:58:35","slug":"our-action-principles-2","status":"publish","type":"page","link":"https:\/\/www.electriciens-sans-frontieres.org\/en\/our-action-principles-2\/","title":{"rendered":"Our principles of action"},"content":{"rendered":"<div class=\"wpb-content-wrapper\"><p>[vc_row full_width=&#8221;stretch_row&#8221; content_placement=&#8221;middle&#8221; css=&#8221;.vc_custom_1548331697027{background-color: #ededed !important;}&#8221; el_class=&#8221;grey-row&#8221;][vc_column][vc_column_text]<\/p>\n<p style=\"text-align: justify;\">Nous r\u00e9pondons aux besoins des populations en d\u00e9tresse, qu\u2019elles aient \u00e9t\u00e9 laiss\u00e9es \u00e0 l\u2019\u00e9cart des dynamiques de d\u00e9veloppement ou qu\u2019elles aient \u00e9t\u00e9 frapp\u00e9es par une catastrophe naturelle ou un conflit.<\/p>\n<p>[\/vc_column_text][\/vc_column][\/vc_row][vc_row][vc_column][vc_custom_heading defined_color=&#8221;black&#8221; text=&#8221;Our fields of action&#8221; use_theme_fonts=&#8221;yes&#8221;][vc_separator align=&#8221;align_left&#8221; border_width=&#8221;2&#8243; el_width=&#8221;30&#8243;][vc_empty_space height=&#8221;10px&#8221;][\/vc_column][\/vc_row][vc_row full_width=&#8221;stretch_row&#8221; content_placement=&#8221;middle&#8221; el_class=&#8221;grey-row&#8221;][vc_column width=&#8221;1\/3&#8243; css=&#8221;.vc_custom_1547723629668{padding-top: 0px !important;}&#8221;][vc_single_image image=&#8221;19642&#8243; img_size=&#8221;60&#215;60&#8243; alignment=&#8221;center&#8221;][vc_column_text css=&#8221;.vc_custom_1764775250157{margin-top: 20px !important;}&#8221;]<\/p>\n<p style=\"text-align: center; line-height: 2;\"><strong>D\u00e9veloppement<\/strong><\/p>\n<p style=\"text-align: center; line-height: 2;\"><em>63 % de nos projets<\/em><\/p>\n<p style=\"text-align: center;\">Agir pour le d\u00e9veloppement humain et \u00e9conomique des plus pauvres gr\u00e2ce \u00e0 l\u2019acc\u00e8s \u00e0 l\u2019\u00e9lectricit\u00e9 et \u00e0 l\u2019eau.<\/p>\n<p>[\/vc_column_text][vc_empty_space height=&#8221;10px&#8221;][vc_empty_space height=&#8221;10px&#8221;][vc_empty_space height=&#8221;10px&#8221;][vc_empty_space height=&#8221;10px&#8221;][\/vc_column][vc_column width=&#8221;1\/3&#8243;][vc_single_image image=&#8221;19646&#8243; img_size=&#8221;60&#215;60&#8243; alignment=&#8221;center&#8221;][vc_column_text css=&#8221;.vc_custom_1764775297833{margin-top: 20px !important;}&#8221;]<\/p>\n<p style=\"text-align: center; line-height: 2;\"><strong>Expertise et appui<\/strong><\/p>\n<p style=\"text-align: center; line-height: 2;\"><em>27 % de nos projets<\/em><\/p>\n<p style=\"text-align: center;\">Mettre notre expertise en mati\u00e8re d\u2019acc\u00e8s \u00e0 l\u2019\u00e9lectricit\u00e9 et \u00e0 l\u2019eau au service des acteurs de la solidarit\u00e9 internationale.<\/p>\n<p>[\/vc_column_text][vc_empty_space height=&#8221;10px&#8221;][vc_empty_space height=&#8221;10px&#8221;][vc_empty_space height=&#8221;10px&#8221;][\/vc_column][vc_column width=&#8221;1\/3&#8243;][vc_single_image image=&#8221;19644&#8243; img_size=&#8221;60&#215;60&#8243; alignment=&#8221;center&#8221;][vc_column_text css=&#8221;.vc_custom_1764775274209{margin-top: 20px !important;}&#8221;]<\/p>\n<p style=\"text-align: center; line-height: 2;\"><strong>Urgence<\/strong><\/p>\n<p style=\"text-align: center; line-height: 2;\"><em>10 % de nos projets<\/em><\/p>\n<p style=\"text-align: center;\">Aider les populations sinistr\u00e9es et les autres ONG urgentistes lors de catastrophes humanitaires.<\/p>\n<p><span style=\"color: #ffffff;\">&#8230;&#8230;&#8230;&#8230;&#8230;&#8230;&#8230;&#8230;&#8230;&#8230;&#8230;&#8230;&#8230;&#8230;&#8230;&#8230;&#8230;&#8230;&#8230;&#8230;&#8230;&#8230;&#8230;&#8230;&#8230;&#8230;&#8230;&#8230;&#8230;&#8230;&#8230;&#8230;&#8230;<\/span>[\/vc_column_text][vc_empty_space height=&#8221;10px&#8221;][vc_empty_space height=&#8221;10px&#8221;][vc_empty_space height=&#8221;10px&#8221;][\/vc_column][\/vc_row][vc_row full_width=&#8221;stretch_row&#8221; css=&#8221;.vc_custom_1554995284660{margin-bottom: 0px !important;background-color: #f8f8f8 !important;}&#8221;][vc_column][vc_custom_heading defined_color=&#8221;black&#8221; text=&#8221;Meeting essential needs&#8221; use_theme_fonts=&#8221;yes&#8221;][vc_separator align=&#8221;align_left&#8221; border_width=&#8221;2&#8243; el_width=&#8221;30&#8243;][vc_column_text]<\/p>\n<p style=\"text-align: justify;\">Du fait son caract\u00e8re transversal, l\u2019acc\u00e8s \u00e0 l\u2019\u00e9lectricit\u00e9 et \u00e0 l\u2019eau contribue \u00e0 r\u00e9pondre \u00e0 des enjeux alimentaires, \u00e9ducatifs, sanitaires, s\u00e9curitaires, sociaux, \u00e9conomiques et environnementaux.<\/p>\n<p>[\/vc_column_text][vc_empty_space height=&#8221;5px&#8221;][vc_row_inner][vc_column_inner width=&#8221;1\/4&#8243;]\n\n\n<div class=\"fond-image fond-image-size-md\" id=\"full\" style=\"background-image: url(https:\/\/www.electriciens-sans-frontieres.org\/wp-content\/uploads\/2019\/04\/AL_BENIN_323.jpg);\" >\n\t<a class=\"bloc-image\" target=\"_blank\" href=\"\/nos-principes-d-action\/education\/\">\n\t\t\t\t<div class=\"text-ontop\">\n\t\t\t\t\t<p id=\"text-ontop-title\"><span>Education<\/span><\/p>\n\t\t\t\t\t<p id=\"text-ontop-subtitle-empty\"><span><\/span><\/p>\n\t\t\t\t<\/div>\n\t<\/a>\n<\/div>[\/vc_column_inner][vc_column_inner width=&#8221;1\/4&#8243;]\n\n\n<div class=\"fond-image fond-image-size-md\" id=\"full\" style=\"background-image: url(https:\/\/www.electriciens-sans-frontieres.org\/wp-content\/uploads\/2019\/04\/AL_BENIN_009.jpg);\" >\n\t<a class=\"bloc-image\" target=\"_blank\" href=\"\/nos-principes-d-action\/sante\/\">\n\t\t\t\t<div class=\"text-ontop\">\n\t\t\t\t\t<p id=\"text-ontop-title\"><span>Health<\/span><\/p>\n\t\t\t\t\t<p id=\"text-ontop-subtitle-empty\"><span><\/span><\/p>\n\t\t\t\t<\/div>\n\t<\/a>\n<\/div>[\/vc_column_inner][vc_column_inner width=&#8221;1\/4&#8243;]\n\n\n<div class=\"fond-image fond-image-size-md\" id=\"full\" style=\"background-image: url(https:\/\/www.electriciens-sans-frontieres.org\/wp-content\/uploads\/2019\/04\/AL_BENIN_166.jpg);\" >\n\t<a class=\"bloc-image\" target=\"_blank\" href=\"nos-principes-d-action\/developpement-economique\/\">\n\t\t\t\t<div class=\"text-ontop\">\n\t\t\t\t\t<p id=\"text-ontop-title\"><span>Economic development<\/span><\/p>\n\t\t\t\t\t<p id=\"text-ontop-subtitle-empty\"><span><\/span><\/p>\n\t\t\t\t<\/div>\n\t<\/a>\n<\/div>[\/vc_column_inner][vc_column_inner width=&#8221;1\/4&#8243;]\n\n\n<div class=\"fond-image fond-image-size-md\" id=\"full\" style=\"background-image: url(https:\/\/www.electriciens-sans-frontieres.org\/wp-content\/uploads\/2020\/04\/AL_BENIN_463-scaled.jpg);\" >\n\t<a class=\"bloc-image\" target=\"_blank\" href=\"https:\/\/electriciens-sans-frontieres.org\/nos-principes-d-action\/securite-alimentaire\/\">\n\t\t\t\t<div class=\"text-ontop\">\n\t\t\t\t\t<p id=\"text-ontop-title\"><span>Food safety<\/span><\/p>\n\t\t\t\t\t<p id=\"text-ontop-subtitle-empty\"><span><\/span><\/p>\n\t\t\t\t<\/div>\n\t<\/a>\n<\/div>[\/vc_column_inner][\/vc_row_inner][vc_row_inner][vc_column_inner width=&#8221;1\/4&#8243;]\n\n\n<div class=\"fond-image fond-image-size-md\" id=\"full\" style=\"background-image: url(https:\/\/www.electriciens-sans-frontieres.org\/wp-content\/uploads\/2019\/04\/Enfant-au-robinet.jpg);\" >\n\t<a class=\"bloc-image\" target=\"_blank\" href=\"\/nos-principes-d-action\/eau\/\">\n\t\t\t\t<div class=\"text-ontop\">\n\t\t\t\t\t<p id=\"text-ontop-title\"><span>Access to water<\/span><\/p>\n\t\t\t\t\t<p id=\"text-ontop-subtitle-empty\"><span><\/span><\/p>\n\t\t\t\t<\/div>\n\t<\/a>\n<\/div>[\/vc_column_inner][vc_column_inner width=&#8221;1\/4&#8243;]\n\n\n<div class=\"fond-image fond-image-size-md\" id=\"full\" style=\"background-image: url(https:\/\/www.electriciens-sans-frontieres.org\/wp-content\/uploads\/2019\/01\/formation.jpg);\" >\n\t<a class=\"bloc-image\" target=\"_blank\" href=\"\/nos-principes-d-action\/formation\/\">\n\t\t\t\t<div class=\"text-ontop\">\n\t\t\t\t\t<p id=\"text-ontop-title\"><span>Training<\/span><\/p>\n\t\t\t\t\t<p id=\"text-ontop-subtitle-empty\"><span><\/span><\/p>\n\t\t\t\t<\/div>\n\t<\/a>\n<\/div>[\/vc_column_inner][vc_column_inner width=&#8221;1\/4&#8243;]\n\n\n<div class=\"fond-image fond-image-size-md\" id=\"full\" style=\"background-image: url(https:\/\/www.electriciens-sans-frontieres.org\/wp-content\/uploads\/2019\/04\/AL_BENIN_200.jpg);\" >\n\t<a class=\"bloc-image\" target=\"_blank\" href=\"\/nos-principes-d-action\/securite\/\">\n\t\t\t\t<div class=\"text-ontop\">\n\t\t\t\t\t<p id=\"text-ontop-title\"><span>Social life and safety<\/span><\/p>\n\t\t\t\t\t<p id=\"text-ontop-subtitle-empty\"><span><\/span><\/p>\n\t\t\t\t<\/div>\n\t<\/a>\n<\/div>[\/vc_column_inner][vc_column_inner width=&#8221;1\/4&#8243;]\n\n\n<div class=\"fond-image fond-image-size-md\" id=\"full\" style=\"background-image: url(https:\/\/www.electriciens-sans-frontieres.org\/wp-content\/uploads\/2018\/12\/Dominique-ESF_-104.jpg);\" >\n\t<a class=\"bloc-image\" target=\"_blank\" href=\"https:\/\/electriciens-sans-frontieres.org\/nos-principes-d-action\/lutte-contre-le-dereglement-climatique\/\">\n\t\t\t\t<div class=\"text-ontop\">\n\t\t\t\t\t<p id=\"text-ontop-title\"><span>Combating climate change<\/span><\/p>\n\t\t\t\t\t<p id=\"text-ontop-subtitle-empty\"><span><\/span><\/p>\n\t\t\t\t<\/div>\n\t<\/a>\n<\/div>[\/vc_column_inner][\/vc_row_inner][\/vc_column][\/vc_row][vc_row full_width=&#8221;stretch_row&#8221; css=&#8221;.vc_custom_1548347072904{padding-top: 20px !important;}&#8221;][vc_column][vc_empty_space height=&#8221;10px&#8221;][vc_custom_heading defined_color=&#8221;black&#8221; text=&#8221;S\u2019inscrire dans la dur\u00e9e : un engagement pour 10 ans !&#8221; use_theme_fonts=&#8221;yes&#8221;][vc_separator align=&#8221;align_left&#8221; border_width=&#8221;2&#8243; el_width=&#8221;30&#8243;][vc_column_text]<b>Lors de la pr\u00e9paration et de la r\u00e9alisation de nos projets, nous respectons un r\u00e9f\u00e9rentiel qualit\u00e9 :<\/b><\/p>\n<ul>\n<li>les actions men\u00e9es sur le terrain s\u2019appuient sur des principes directeurs fond\u00e9s sur notre savoir-faire et notre exp\u00e9rience depuis 1986. Ces principes garantissent le bon fonctionnement des projets et assurent qu\u2019ils r\u00e9pondent pleinement et durablement aux besoins exprim\u00e9s par les populations locales.<\/li>\n<li>un guide pratique du montage de projets a \u00e9t\u00e9 \u00e9labor\u00e9 avec l\u2019appui du groupe URD. Il se d\u00e9cline en 12 crit\u00e8res, illustr\u00e9s par des exemples de bonnes pratiques mais aussi d\u2019erreurs \u00e0 \u00e9viter pour assurer la qualit\u00e9 de projets d\u2019\u00e9lectrification rurale.<\/li>\n<\/ul>\n<p><b>Apr\u00e8s la mise en service des installations, nous suivons tous nos projets durant au moins 10 ans :<\/b><\/p>\n<ul>\n<li>en recueillant r\u00e9guli\u00e8rement des informations aupr\u00e8s de nos partenaires locaux,<\/li>\n<li>en allant sur place (\u00e0 l\u2019occasion d\u2019une mission organis\u00e9e dans la m\u00eame zone), pour constater directement l\u2019\u00e9tat de fonctionnement des installations et consolider nos liens avec nos partenaires.<\/li>\n<\/ul>\n<p><b>Nous nous sommes dot\u00e9s des moyens n\u00e9cessaires pour intervenir en cas de dysfonctionnement :<\/b><\/p>\n<ul>\n<li>en cr\u00e9ant un fonds de p\u00e9rennisation, pour financer dans certaines situations la remise en \u00e9tat d\u2019installations d\u00e9fectueuses,<\/li>\n<li>en invitant nos bailleurs et nos partenaires \u00e0 s\u2019impliquer dans cette d\u00e9marche.<\/li>\n<\/ul>\n<p>[\/vc_column_text][vc_row_inner css=&#8221;.vc_custom_1476110396089{margin-bottom: 0px !important;}&#8221;][vc_column_inner width=&#8221;1\/4&#8243; offset=&#8221;vc_col-xs-3&#8243;][\/vc_column_inner][vc_column_inner width=&#8221;1\/2&#8243; offset=&#8221;vc_col-xs-9&#8243; css=&#8221;.vc_custom_1476110425279{margin-bottom: 25px !important;}&#8221;]<div class=\"esf-attachment default \">\n    <a href=\"https:\/\/www.electriciens-sans-frontieres.org\/wp-content\/uploads\/2016\/09\/Guide-de-bonnes-pratiques.pdf\">\n        <h4>Consult the best practices guide<\/h4>\n    <\/a>\n<\/div>[\/vc_column_inner][vc_column_inner width=&#8221;1\/4&#8243; offset=&#8221;vc_col-xs-3&#8243;][\/vc_column_inner][\/vc_row_inner][vc_empty_space height=&#8221;10px&#8221;][vc_row_inner css=&#8221;.vc_custom_1476110396089{margin-bottom: 0px !important;}&#8221;][vc_column_inner width=&#8221;1\/12&#8243; offset=&#8221;vc_col-xs-3&#8243;][vc_icon icon_fontawesome=&#8221;fa fa-map-signs&#8221; color=&#8221;orange&#8221; size=&#8221;lg&#8221; align=&#8221;center&#8221; css=&#8221;.vc_custom_1475592145353{margin-top: 0px !important;margin-right: 0px !important;margin-bottom: 0px !important;margin-left: 0px !important;border-top-width: 0px !important;border-bottom-width: 0px !important;border-left-width: 0px !important;padding-top: 0px !important;padding-right: 0px !important;padding-bottom: 0px !important;padding-left: 0px !important;}&#8221;][\/vc_column_inner][vc_column_inner width=&#8221;5\/12&#8243; offset=&#8221;vc_col-xs-9&#8243; css=&#8221;.vc_custom_1476110425279{margin-bottom: 25px !important;}&#8221;][vc_column_text css=&#8221;.vc_custom_1585755778156{margin-top: 0px !important;margin-right: 0px !important;margin-bottom: 0px !important;margin-left: 0px !important;border-top-width: 0px !important;border-right-width: 0px !important;border-bottom-width: 0px !important;border-left-width: 0px !important;padding-top: 0px !important;padding-right: 0px !important;padding-bottom: 0px !important;padding-left: 0px !important;}&#8221;]<\/p>\n<h3 style=\"text-align: justify;\">Aller l\u00e0 o\u00f9 les autres ne vont pas<\/h3>\n<p style=\"text-align: justify;\">Parce que 80 % des personnes sans acc\u00e8s durable \u00e0 l\u2019\u00e9lectricit\u00e9 se situent en zone rurale, Electriciens sans fronti\u00e8res agit prioritairement dans les r\u00e9gions rurales et isol\u00e9es des r\u00e9seaux \u00e9lectriques nationaux.<\/p>\n<p>[\/vc_column_text][\/vc_column_inner][vc_column_inner width=&#8221;1\/12&#8243; offset=&#8221;vc_col-xs-3&#8243;][vc_icon icon_fontawesome=&#8221;fa fa-comment-o&#8221; color=&#8221;orange&#8221; size=&#8221;lg&#8221; align=&#8221;center&#8221; css=&#8221;.vc_custom_1475592175681{margin-top: 0px !important;margin-right: 0px !important;margin-bottom: 0px !important;margin-left: 0px !important;border-top-width: 0px !important;border-bottom-width: 0px !important;border-left-width: 0px !important;padding-top: 0px !important;padding-right: 0px !important;padding-bottom: 0px !important;padding-left: 0px !important;}&#8221;][\/vc_column_inner][vc_column_inner width=&#8221;5\/12&#8243; offset=&#8221;vc_col-xs-9&#8243; css=&#8221;.vc_custom_1476110434112{margin-bottom: 25px !important;}&#8221;][vc_column_text css=&#8221;.vc_custom_1585755786886{margin-top: 0px !important;margin-right: 0px !important;margin-bottom: 0px !important;margin-left: 0px !important;border-top-width: 0px !important;border-right-width: 0px !important;border-bottom-width: 0px !important;border-left-width: 0px !important;padding-top: 0px !important;padding-right: 0px !important;padding-bottom: 0px !important;padding-left: 0px !important;}&#8221;]<\/p>\n<h3 style=\"text-align: justify;\">Partir des besoins exprim\u00e9s localement<\/h3>\n<p style=\"text-align: justify;\">Les projets se fondent sur la prise en compte des pr\u00e9occupations sociales et \u00e9conomiques locales afin d\u2019apporter des solutions efficientes et adapt\u00e9es aux besoins du terrain.<\/p>\n<p>[\/vc_column_text][\/vc_column_inner][\/vc_row_inner][vc_row_inner css=&#8221;.vc_custom_1476110410628{margin-bottom: 0px !important;}&#8221;][vc_column_inner width=&#8221;1\/12&#8243; offset=&#8221;vc_col-xs-3&#8243;][vc_icon icon_fontawesome=&#8221;fa fa-recycle&#8221; color=&#8221;orange&#8221; size=&#8221;lg&#8221; align=&#8221;center&#8221; css=&#8221;.vc_custom_1475592265658{margin-top: 0px !important;margin-right: 0px !important;margin-bottom: 0px !important;margin-left: 0px !important;border-top-width: 0px !important;border-bottom-width: 0px !important;border-left-width: 0px !important;padding-top: 0px !important;padding-right: 0px !important;padding-bottom: 0px !important;padding-left: 0px !important;}&#8221;][\/vc_column_inner][vc_column_inner width=&#8221;5\/12&#8243; offset=&#8221;vc_col-xs-9&#8243; css=&#8221;.vc_custom_1476110459059{margin-bottom: 25px !important;}&#8221;][vc_column_text css=&#8221;.vc_custom_1585755797972{margin-top: 0px !important;margin-right: 0px !important;margin-bottom: 0px !important;margin-left: 0px !important;border-top-width: 0px !important;border-right-width: 0px !important;border-bottom-width: 0px !important;border-left-width: 0px !important;padding-top: 0px !important;padding-right: 0px !important;padding-bottom: 0px !important;padding-left: 0px !important;}&#8221;]<\/p>\n<h3 style=\"text-align: justify;\">Utiliser au maximum des ressources renouvelables<\/h3>\n<div class=\"desc\" style=\"text-align: justify;\">Dans le choix des sources d\u2019\u00e9nergie utilis\u00e9es, les projets privil\u00e9gient les \u00e9nergies renouvelables dans une volont\u00e9 de r\u00e9duire l\u2019impact environnemental des installations, mais aussi parce qu\u2019elles se r\u00e9v\u00e8lent, dans la dur\u00e9e, les plus \u00e9conomiques.<\/div>\n<p>[\/vc_column_text][\/vc_column_inner][vc_column_inner width=&#8221;1\/12&#8243; offset=&#8221;vc_col-xs-3&#8243;][vc_icon icon_fontawesome=&#8221;fa fa-check-square-o&#8221; color=&#8221;orange&#8221; size=&#8221;lg&#8221; align=&#8221;center&#8221; css=&#8221;.vc_custom_1475592343585{margin-top: 0px !important;margin-right: 0px !important;margin-bottom: 0px !important;margin-left: 0px !important;border-top-width: 0px !important;border-bottom-width: 0px !important;border-left-width: 0px !important;padding-top: 0px !important;padding-right: 0px !important;padding-bottom: 0px !important;padding-left: 0px !important;}&#8221;][\/vc_column_inner][vc_column_inner width=&#8221;5\/12&#8243; offset=&#8221;vc_col-xs-9&#8243; css=&#8221;.vc_custom_1476110471190{margin-bottom: 25px !important;}&#8221;][vc_column_text css=&#8221;.vc_custom_1585755805846{margin-top: 0px !important;margin-right: 0px !important;margin-bottom: 0px !important;margin-left: 0px !important;border-top-width: 0px !important;border-right-width: 0px !important;border-bottom-width: 0px !important;border-left-width: 0px !important;padding-top: 0px !important;padding-right: 0px !important;padding-bottom: 0px !important;padding-left: 0px !important;}&#8221;]<\/p>\n<h3 style=\"text-align: justify;\">R\u00e9pondre \u00e0 des crit\u00e8res d\u2019efficacit\u00e9 \u00e9nerg\u00e9tique<\/h3>\n<div class=\"desc\" style=\"text-align: justify;\">De l\u2019efficacit\u00e9 \u00e9nerg\u00e9tique d\u2019une installation d\u00e9pend le nombre de personnes b\u00e9n\u00e9ficiaires, les co\u00fbts qu\u2019elle va engendrer et son impact environnemental. Les projets ont pour ambition de couvrir le plus de personnes possibles, en minimisant les co\u00fbts et en limitant les cons\u00e9quences sur l\u2019environnement.<\/div>\n<p>[\/vc_column_text][\/vc_column_inner][\/vc_row_inner][vc_row_inner css=&#8221;.vc_custom_1476110416316{margin-bottom: 0px !important;}&#8221;][vc_column_inner width=&#8221;1\/12&#8243; offset=&#8221;vc_col-xs-3&#8243;][vc_icon icon_fontawesome=&#8221;fa fa-hospital-o&#8221; color=&#8221;orange&#8221; size=&#8221;lg&#8221; align=&#8221;center&#8221; css=&#8221;.vc_custom_1475592444963{margin-top: 0px !important;margin-right: 0px !important;margin-bottom: 0px !important;margin-left: 0px !important;border-top-width: 0px !important;border-bottom-width: 0px !important;border-left-width: 0px !important;padding-top: 0px !important;padding-right: 0px !important;padding-bottom: 0px !important;padding-left: 0px !important;}&#8221;][\/vc_column_inner][vc_column_inner width=&#8221;5\/12&#8243; offset=&#8221;vc_col-xs-9&#8243; css=&#8221;.vc_custom_1476110476959{margin-bottom: 25px !important;}&#8221;][vc_column_text css=&#8221;.vc_custom_1585755814948{margin-top: 0px !important;margin-right: 0px !important;margin-bottom: 0px !important;margin-left: 0px !important;border-top-width: 0px !important;border-right-width: 0px !important;border-bottom-width: 0px !important;border-left-width: 0px !important;padding-top: 0px !important;padding-right: 0px !important;padding-bottom: 0px !important;padding-left: 0px !important;}&#8221;]<\/p>\n<h3 style=\"text-align: justify;\">Privil\u00e9gier les structures collectives<\/h3>\n<div class=\"desc\" style=\"text-align: justify;\">Les projets concernent des \u00e9tablissements scolaires, des centres de formation professionnelle, des centres de sant\u00e9, des lieux publics\u2026 L\u2019objectif est de r\u00e9pondre \u00e0 des besoins essentiels, sans cr\u00e9er de clivage social.<\/div>\n<p>[\/vc_column_text][\/vc_column_inner][vc_column_inner width=&#8221;1\/12&#8243; offset=&#8221;vc_col-xs-3&#8243;][vc_icon icon_fontawesome=&#8221;fa fa-users&#8221; color=&#8221;orange&#8221; size=&#8221;lg&#8221; align=&#8221;center&#8221; css=&#8221;.vc_custom_1475592409109{margin-top: 0px !important;margin-right: 0px !important;margin-bottom: 0px !important;margin-left: 0px !important;border-top-width: 0px !important;border-bottom-width: 0px !important;border-left-width: 0px !important;padding-top: 0px !important;padding-right: 0px !important;padding-bottom: 0px !important;padding-left: 0px !important;}&#8221;][\/vc_column_inner][vc_column_inner width=&#8221;5\/12&#8243; offset=&#8221;vc_col-xs-9&#8243; css=&#8221;.vc_custom_1476110483308{margin-bottom: 25px !important;}&#8221;][vc_column_text css=&#8221;.vc_custom_1585755822435{margin-top: 0px !important;margin-right: 0px !important;margin-bottom: 0px !important;margin-left: 0px !important;border-top-width: 0px !important;border-right-width: 0px !important;border-bottom-width: 0px !important;border-left-width: 0px !important;padding-top: 0px !important;padding-right: 0px !important;padding-bottom: 0px !important;padding-left: 0px !important;}&#8221;]<\/p>\n<h3 style=\"text-align: justify;\">Impliquer les populations<\/h3>\n<div class=\"desc\" style=\"text-align: justify;\">L\u2019implication des populations est indispensable \u00e0 l\u2019appropriation des installations, qui est elle-m\u00eame un gage de p\u00e9rennit\u00e9. Toutes les actions sont construites en \u00e9troite collaboration avec les acteurs locaux, de la r\u00e9alisation du projet \u00e0 la maintenance des installations.<\/div>\n<p>[\/vc_column_text][\/vc_column_inner][\/vc_row_inner][\/vc_column][\/vc_row][vc_row full_width=&#8221;stretch_row_content&#8221;][vc_column css=&#8221;.vc_custom_1556792383082{padding-top: 35px !important;}&#8221;][vc_empty_space height=&#8221;10px&#8221;][vc_separator border_width=&#8221;2&#8243;][\/vc_column][\/vc_row]<\/p>\n<\/div>","protected":false},"excerpt":{"rendered":"<p>[vc_row full_width=&#8221;stretch_row&#8221; content_placement=&#8221;middle&#8221; css=&#8221;.vc_custom_1548331697027{background-color: #ededed !important;}&#8221; el_class=&#8221;grey-row&#8221;][vc_column][vc_column_text] Nous r\u00e9pondons aux besoins des populations en d\u00e9tresse, qu\u2019elles aient \u00e9t\u00e9 laiss\u00e9es \u00e0 l\u2019\u00e9cart des dynamiques de d\u00e9veloppement ou<span class=\"excerpt-hellip\"> [\u2026]<\/span><\/p>\n","protected":false},"author":10,"featured_media":0,"parent":0,"menu_order":62,"comment_status":"closed","ping_status":"closed","template":"","meta":{"footnotes":""},"class_list":["post-24236","page","type-page","status-publish","hentry"],"_links":{"self":[{"href":"https:\/\/www.electriciens-sans-frontieres.org\/en\/wp-json\/wp\/v2\/pages\/24236","targetHints":{"allow":["GET"]}}],"collection":[{"href":"https:\/\/www.electriciens-sans-frontieres.org\/en\/wp-json\/wp\/v2\/pages"}],"about":[{"href":"https:\/\/www.electriciens-sans-frontieres.org\/en\/wp-json\/wp\/v2\/types\/page"}],"author":[{"embeddable":true,"href":"https:\/\/www.electriciens-sans-frontieres.org\/en\/wp-json\/wp\/v2\/users\/10"}],"replies":[{"embeddable":true,"href":"https:\/\/www.electriciens-sans-frontieres.org\/en\/wp-json\/wp\/v2\/comments?post=24236"}],"version-history":[{"count":30,"href":"https:\/\/www.electriciens-sans-frontieres.org\/en\/wp-json\/wp\/v2\/pages\/24236\/revisions"}],"predecessor-version":[{"id":42466,"href":"https:\/\/www.electriciens-sans-frontieres.org\/en\/wp-json\/wp\/v2\/pages\/24236\/revisions\/42466"}],"wp:attachment":[{"href":"https:\/\/www.electriciens-sans-frontieres.org\/en\/wp-json\/wp\/v2\/media?parent=24236"}],"curies":[{"name":"wp","href":"https:\/\/api.w.org\/{rel}","templated":true}]}}