{"id":25450,"date":"2020-04-30T12:46:11","date_gmt":"2020-04-30T10:46:11","guid":{"rendered":"https:\/\/electriciens-sans-frontieres.org\/our-projects\/"},"modified":"2026-04-02T09:58:35","modified_gmt":"2026-04-02T07:58:35","slug":"our-projects","status":"publish","type":"page","link":"https:\/\/www.electriciens-sans-frontieres.org\/en\/our-projects\/","title":{"rendered":"Our projects"},"content":{"rendered":"<div class=\"wpb-content-wrapper\"><p>[vc_row full_width=&#8221;stretch_row_content_no_spaces&#8221; content_placement=&#8221;middle&#8221; css=&#8221;.vc_custom_1547724357702{background-color: #ededed !important;}&#8221; el_class=&#8221;grey-row&#8221;][vc_column width=&#8221;1\/3&#8243; css=&#8221;.vc_custom_1547723629668{padding-top: 0px !important;}&#8221;]<p class=\"big-writing big-writing-size-lg \"> 35<p>[vc_column_text css=&#8221;.vc_custom_1587740594050{margin-top: 20px !important;}&#8221;]<\/p>\n<p style=\"text-align: center;\">countries of operation (approx.)<\/p>\n<p>[\/vc_column_text][\/vc_column][vc_column width=&#8221;1\/3&#8243;]<p class=\"big-writing big-writing-size-lg \"> 137<p>[vc_column_text css=&#8221;.vc_custom_1587740612754{margin-top: 20px !important;}&#8221;]<\/p>\n<p style=\"text-align: center;\">projects carried out each year (on average)<\/p>\n<p>[\/vc_column_text][\/vc_column][vc_column width=&#8221;1\/3&#8243;]<p class=\"big-writing big-writing-size-lg \"> 89 %<p>[vc_column_text css=&#8221;.vc_custom_1549983341590{margin-top: 20px !important;}&#8221;]<\/p>\n<p style=\"text-align: center;\">of our renewable energy development projects<\/p>\n<p>[\/vc_column_text][\/vc_column][\/vc_row][vc_row css=&#8221;.vc_custom_1473469421903{background-color: #ffffff !important;}&#8221;][vc_column][vc_custom_heading defined_color=&#8221;black&#8221; text=&#8221;Explore our projects&#8221; use_theme_fonts=&#8221;yes&#8221;][vc_separator align=&#8221;align_left&#8221; border_width=&#8221;2&#8243; el_width=&#8221;30&#8243;][vc_empty_space height=&#8221;10px&#8221;][\/vc_column][\/vc_row][vc_row full_width=&#8221;stretch_row_content&#8221;][vc_column width=&#8221;1\/6&#8243; css=&#8221;.vc_custom_1550595277009{padding-top: 50px !important;}&#8221;]<div class=\"text-center \">\n    [vc_btn title=&#8221;Water&#8221; size=&#8221;xs&#8221; align=&#8221;left&#8221; link=&#8221;url:https%3A%2F%2Fwww.electriciens-sans-frontieres.org%2Fnos-principes-d-action%2Feau%2F|title:Water|&#8221;][vc_btn title=&#8221;Health&#8221; size=&#8221;xs&#8221; align=&#8221;left&#8221; link=&#8221;url:https%3A%2F%2Fwww.electriciens-sans-frontieres.org%2Fnos-principes-d-action%2Fsante%2F|title:Health|&#8221;][vc_btn title=&#8221;Education&#8221; size=&#8221;xs&#8221; align=&#8221;left&#8221; link=&#8221;url:https%3A%2F%2Fwww.electriciens-sans-frontieres.org%2Fnos-principes-d-action%2Feducation%2F|title:Education|&#8221;][vc_btn title=&#8221;Training&#8221; size=&#8221;xs&#8221; align=&#8221;left&#8221; link=&#8221;url:https%3A%2F%2Fwww.electriciens-sans-frontieres.org%2Fnos-principes-d-action%2Fformation%2F|title:Training|&#8221;][vc_btn title=&#8221;Eco development&#8221; size=&#8221;xs&#8221; align=&#8221;left&#8221; link=&#8221;url:https%3A%2F%2Fwww.electriciens-sans-frontieres.org%2Fnos-principes-d-action%2Fdeveloppement-economique%2F|title:Economic%20development|&#8221;][vc_btn title=&#8221;Food safety&#8221; size=&#8221;xs&#8221; align=&#8221;left&#8221; link=&#8221;url:https%3A%2F%2Felectriciens-sans-frontieres.org%2Fnos-principes-d-action%2Fsecurite-alimentaire%2F|title:Food%20safety|&#8221;][vc_btn title=&#8221;Social life and safety&#8221; size=&#8221;xs&#8221; align=&#8221;left&#8221; link=&#8221;url:https%3A%2F%2Fwww.electriciens-sans-frontieres.org%2Fnos-principes-d-action%2Fsecurite%2F|title:Social%20life%20and%20safety|&#8221;][vc_btn title=&#8221;Climate change&#8221; size=&#8221;xs&#8221; align=&#8221;left&#8221; link=&#8221;url:https%3A%2F%2Felectriciens-sans-frontieres.org%2Fnos-principes-d-action%2Flutte-contre-le-dereglement-climatique%2F|title:Climate%20change|&#8221;]<\/div>[\/vc_column][vc_column width=&#8221;5\/6&#8243;][vc_column_text]<div id=\"mapsvg-19051\" class=\"mapsvg\"><\/div>[\/vc_column_text][\/vc_column][\/vc_row][vc_row full_width=&#8221;stretch_row&#8221; css=&#8221;.vc_custom_1554306578035{background-color: #ffffff !important;}&#8221;][vc_column][vc_custom_heading defined_color=&#8221;black&#8221; text=&#8221;On the ground&#8221; use_theme_fonts=&#8221;yes&#8221;][vc_separator align=&#8221;align_left&#8221; border_width=&#8221;2&#8243; el_width=&#8221;30&#8243;][vc_empty_space height=&#8221;10px&#8221;][vc_basic_grid post_type=&#8221;post&#8221; max_items=&#8221;6&#8243; gap=&#8221;35&#8243; item=&#8221;basicGrid_NoAnimation&#8221; grid_id=&#8221;vc_gid:1729002990185-53c44a53-e78a-0&#8243; taxonomies=&#8221;653&#8243;][\/vc_column][\/vc_row][vc_row full_width=&#8221;stretch_row&#8221; css=&#8221;.vc_custom_1549984002983{background-color: #f8f8f8 !important;}&#8221;][vc_column][vc_custom_heading defined_color=&#8221;yellow&#8221; text=&#8221;Our project selection criteria&#8221; font_container=&#8221;tag:h3|text_align:left&#8221;][vc_separator align=&#8221;align_left&#8221; border_width=&#8221;2&#8243; el_width=&#8221;30&#8243;][vc_column_text]<\/p>\n<p style=\"text-align: justify;\">Electriciens sans fronti\u00e8res only responds to requests involving the beneficiary populations, which guarantees that we act where there is a real demand and actual need. Projects are selected on the basis of specific criteria drawn up collectively: <\/p>\n<p style=\"text-align: justify;\">A practical guide to setting up projects has also been drawn up with the support of Groupe URD. It is broken down into 12 criteria, illustrated by examples of good practice and mistakes to be avoided to ensure the quality of rural electrification projects. <\/p>\n<p>[\/vc_column_text][vc_row_inner][vc_column_inner width=&#8221;1\/2&#8243;]<div class=\"esf-attachment default \">\n    <a href=\"https:\/\/www.electriciens-sans-frontieres.org\/wp-content\/uploads\/2016\/09\/Electriciens-sans-fronti\u00e8res-Crit\u00e8res-d\u00e9ligibilit\u00e9-dun-projet.pdf\">\n        <h4>Consult the project selection grid<\/h4>\n    <\/a>\n<\/div>[\/vc_column_inner][vc_column_inner width=&#8221;1\/2&#8243;]<div class=\"esf-attachment default \">\n    <a href=\"https:\/\/www.electriciens-sans-frontieres.org\/wp-content\/uploads\/2016\/09\/Guide-de-bonnes-pratiques.pdf\">\n        <h4>Consult the best practices guide<\/h4>\n    <\/a>\n<\/div>[\/vc_column_inner][\/vc_row_inner][\/vc_column][\/vc_row][vc_row][vc_column][vc_empty_space height=&#8221;10px&#8221;][vc_custom_heading defined_color=&#8221;yellow&#8221; text=&#8221;A project&#039;s lifecycle&#8221; font_container=&#8221;tag:h3|text_align:left&#8221;][vc_separator align=&#8221;align_left&#8221; border_width=&#8221;2&#8243; el_width=&#8221;30&#8243;][vc_empty_space height=&#8221;10px&#8221;][vc_single_image image=&#8221;20706&#8243; alignment=&#8221;center&#8221;][\/vc_column][\/vc_row][vc_row full_width=&#8221;stretch_row_content&#8221;][vc_column][vc_empty_space height=&#8221;10px&#8221;][vc_separator border_width=&#8221;2&#8243;][\/vc_column][\/vc_row]<\/p>\n<\/div>","protected":false},"excerpt":{"rendered":"<p>[vc_row full_width=&#8221;stretch_row_content_no_spaces&#8221; content_placement=&#8221;middle&#8221; css=&#8221;.vc_custom_1547724357702{background-color: #ededed !important;}&#8221; el_class=&#8221;grey-row&#8221;][vc_column width=&#8221;1\/3&#8243; css=&#8221;.vc_custom_1547723629668{padding-top: 0px !important;}&#8221;][vc_column_text css=&#8221;.vc_custom_1587740594050{margin-top: 20px !important;}&#8221;] countries of operation (approx.) [\/vc_column_text][\/vc_column][vc_column width=&#8221;1\/3&#8243;][vc_column_text css=&#8221;.vc_custom_1587740612754{margin-top: 20px !important;}&#8221;] projects carried out<span class=\"excerpt-hellip\"> [\u2026]<\/span><\/p>\n","protected":false},"author":10,"featured_media":0,"parent":0,"menu_order":65,"comment_status":"closed","ping_status":"closed","template":"","meta":{"footnotes":""},"class_list":["post-25450","page","type-page","status-publish","hentry"],"_links":{"self":[{"href":"https:\/\/www.electriciens-sans-frontieres.org\/en\/wp-json\/wp\/v2\/pages\/25450","targetHints":{"allow":["GET"]}}],"collection":[{"href":"https:\/\/www.electriciens-sans-frontieres.org\/en\/wp-json\/wp\/v2\/pages"}],"about":[{"href":"https:\/\/www.electriciens-sans-frontieres.org\/en\/wp-json\/wp\/v2\/types\/page"}],"author":[{"embeddable":true,"href":"https:\/\/www.electriciens-sans-frontieres.org\/en\/wp-json\/wp\/v2\/users\/10"}],"replies":[{"embeddable":true,"href":"https:\/\/www.electriciens-sans-frontieres.org\/en\/wp-json\/wp\/v2\/comments?post=25450"}],"version-history":[{"count":33,"href":"https:\/\/www.electriciens-sans-frontieres.org\/en\/wp-json\/wp\/v2\/pages\/25450\/revisions"}],"predecessor-version":[{"id":42467,"href":"https:\/\/www.electriciens-sans-frontieres.org\/en\/wp-json\/wp\/v2\/pages\/25450\/revisions\/42467"}],"wp:attachment":[{"href":"https:\/\/www.electriciens-sans-frontieres.org\/en\/wp-json\/wp\/v2\/media?parent=25450"}],"curies":[{"name":"wp","href":"https:\/\/api.w.org\/{rel}","templated":true}]}}