{"id":25460,"date":"2019-01-02T12:05:54","date_gmt":"2019-01-02T11:05:54","guid":{"rendered":"https:\/\/electriciens-sans-frontieres.org\/become-a-partner\/"},"modified":"2026-04-02T09:58:33","modified_gmt":"2026-04-02T07:58:33","slug":"become-a-partner","status":"publish","type":"page","link":"https:\/\/www.electriciens-sans-frontieres.org\/en\/become-a-partner\/","title":{"rendered":"Become a partner"},"content":{"rendered":"<div class=\"wpb-content-wrapper\"><p>[vc_row full_width=&#8221;stretch_row&#8221; content_placement=&#8221;middle&#8221; css=&#8221;.vc_custom_1548331697027{background-color: #ededed !important;}&#8221; el_class=&#8221;grey-row&#8221;][vc_column][vc_column_text]<\/p>\n<p style=\"text-align: justify;\">L\u2019implication et le soutien de nos partenaires dans notre action humanitaire sont indispensables.<\/p>\n<p style=\"text-align: justify;\">M\u00e9c\u00e9nat financier, m\u00e9c\u00e9nat de comp\u00e9tences, don en nature, mobilisation interne, partenariat de recherche\u2026 sont autant de fa\u00e7ons de s\u2019engager et de travailler ensemble pour permettre un acc\u00e8s \u00e0 l\u2019\u00e9lectricit\u00e9 et \u00e0 l\u2019eau aux populations les plus d\u00e9munies.<\/p>\n<p>[\/vc_column_text][\/vc_column][\/vc_row][vc_row content_placement=&#8221;bottom&#8221;][vc_column][vc_custom_heading defined_color=&#8221;black&#8221; text=&#8221;COMPANIES AND PROFESSIONAL ORGANIZATIONS&#8221;][vc_separator align=&#8221;align_left&#8221; border_width=&#8221;2&#8243; el_width=&#8221;30&#8243;][vc_column_text]<\/p>\n<p style=\"text-align: justify;\">La lutte contre les in\u00e9galit\u00e9s d\u2019acc\u00e8s \u00e0 l\u2019\u00e9lectricit\u00e9 et \u00e0 l\u2019eau dans le monde, le secours aux populations sinistr\u00e9es lors de catastrophes humanitaires et le soutien aux autres ONG en mati\u00e8re d\u2019acc\u00e8s \u00e0 l\u2019\u00e9lectricit\u00e9 et \u00e0 l\u2019eau sont les axes forts de l\u2019intervention d\u2019Electriciens sans fronti\u00e8res.<\/p>\n<p style=\"text-align: justify;\">Si vous n&#8217;\u00eates pas encore partenaire d&#8217;Electriciens sans fronti\u00e8res, de nombreuses formes d&#8217;engagement existent pour soutenir nos actions et participer \u00e0 la lutte.<\/p>\n<p>[\/vc_column_text][vc_empty_space height=&#8221;10px&#8221;][vc_custom_heading defined_color=&#8221;yellow&#8221; text=&#8221;There are many ways to get involved:&#8221; font_container=&#8221;tag:h6|text_align:left&#8221;][vc_empty_space height=&#8221;10px&#8221;][vc_row_inner][vc_column_inner width=&#8221;1\/12&#8243;][vc_icon icon_fontawesome=&#8221;fa fa-briefcase&#8221; color=&#8221;orange&#8221; size=&#8221;lg&#8221; align=&#8221;center&#8221;][\/vc_column_inner][vc_column_inner width=&#8221;5\/12&#8243;][vc_column_text]<\/p>\n<h4 style=\"text-align: justify;\">M\u00e9c\u00e9nat de comp\u00e9tences<\/h4>\n<div class=\"desc\" style=\"text-align: justify;\">Encouragez l\u2019engagement b\u00e9n\u00e9vole de vos collaborateurs ou coll\u00e8gues au sein de l\u2019association<\/div>\n<p>[\/vc_column_text][\/vc_column_inner][vc_column_inner width=&#8221;1\/12&#8243;][vc_icon icon_fontawesome=&#8221;fa fa-eur&#8221; color=&#8221;orange&#8221; size=&#8221;lg&#8221; align=&#8221;center&#8221;][\/vc_column_inner][vc_column_inner width=&#8221;5\/12&#8243;][vc_column_text]<\/p>\n<h4 style=\"text-align: justify;\">M\u00c9C\u00c9NAT FINANCIER<\/h4>\n<div class=\"desc\" style=\"text-align: justify;\">Apportez votre soutien financier aux actions d\u2019Electriciens sans fronti\u00e8res<\/div>\n<p>[\/vc_column_text][\/vc_column_inner][\/vc_row_inner][vc_row_inner][vc_column_inner width=&#8221;1\/12&#8243;][vc_icon icon_fontawesome=&#8221;fa fa-tags&#8221; color=&#8221;orange&#8221; size=&#8221;lg&#8221; align=&#8221;center&#8221;][\/vc_column_inner][vc_column_inner width=&#8221;5\/12&#8243;][vc_column_text]<\/p>\n<h4 style=\"text-align: justify;\">Op\u00e9ration commerciale solidaire<\/h4>\n<div class=\"desc\" style=\"text-align: justify;\">Mettez\u00a0votre activit\u00e9 au service de la solidarit\u00e9 internationale en organisant des ventes de \u00ab produits-partage \u00bb ou en proposant \u00e0 vos clients de r\u00e9troc\u00e9der tout ou partie de leurs points de fid\u00e9lit\u00e9 \u00e0 l\u2019association<\/div>\n<p>[\/vc_column_text][\/vc_column_inner][vc_column_inner width=&#8221;1\/12&#8243;][vc_icon icon_fontawesome=&#8221;fa fa-users&#8221; color=&#8221;orange&#8221; size=&#8221;lg&#8221; align=&#8221;center&#8221;][\/vc_column_inner][vc_column_inner width=&#8221;5\/12&#8243;][vc_column_text]<\/p>\n<h4 style=\"text-align: justify;\">Arrondi sur salaire<\/h4>\n<div class=\"desc\" style=\"text-align: justify;\">Proposez \u00e0 vos collaborateurs et coll\u00e8gues d\u2019arrondir chaque mois leur salaire \u00e0 l\u2019euro inf\u00e9rieur pour faire don de quelques centimes \u00e0 l\u2019association<\/div>\n<p>[\/vc_column_text][\/vc_column_inner][\/vc_row_inner][vc_row_inner][vc_column_inner width=&#8221;1\/12&#8243;][vc_icon icon_fontawesome=&#8221;fa fa-handshake-o&#8221; color=&#8221;orange&#8221; size=&#8221;lg&#8221;][\/vc_column_inner][vc_column_inner width=&#8221;5\/12&#8243;][vc_column_text]<\/p>\n<h4 style=\"text-align: justify;\">Don de mat\u00e9riel<\/h4>\n<div class=\"desc\" style=\"text-align: justify;\">Offrez du mat\u00e9riel neuf n\u00e9cessaire \u00e0 la r\u00e9alisation des projets ou des espaces de stockage<\/div>\n<p>[\/vc_column_text][\/vc_column_inner][vc_column_inner width=&#8221;1\/12&#8243;][vc_icon icon_fontawesome=&#8221;fa fa-bullhorn&#8221; color=&#8221;orange&#8221; size=&#8221;lg&#8221; align=&#8221;center&#8221;][\/vc_column_inner][vc_column_inner width=&#8221;5\/12&#8243;][vc_column_text]<\/p>\n<h4 style=\"text-align: justify;\">Campagne de notori\u00e9t\u00e9<\/h4>\n<div class=\"desc\" style=\"text-align: justify;\">Imaginez des actions de communication conjointes pour augmenter la notori\u00e9t\u00e9 de l\u2019association et renforcer votre image solidaire<\/div>\n<p>[\/vc_column_text][\/vc_column_inner][\/vc_row_inner][\/vc_column][\/vc_row][vc_row][vc_column][vc_empty_space height=&#8221;10px&#8221;][vc_custom_heading defined_color=&#8221;black&#8221; text=&#8221;a long-term commitment&#8221; font_container=&#8221;tag:h3|text_align:left&#8221;][vc_separator align=&#8221;align_left&#8221; border_width=&#8221;2&#8243; el_width=&#8221;30&#8243;][vc_empty_space height=&#8221;10px&#8221;]\n<div class=\"esf-testimonials\">\n    <div class=\"owl-carousel\" data-slider-id=\"528277151\">\n                    <div class=\"testimonial-item\">\n                <div class=\"row\">\n                    <div class=\"left-col col-lg-2 col-lg-offset-2 col-md-offset-1 col-md-3 col-sm-12\">\n                        <div class=\"hr\"><\/div>\n                        <h3>With Electriciens sans fronti\u00e8res, we're acting on a global level. <\/h3>\n                        <span class=\"short-content-desc\">Laurent Tardif<\/span>\n                        <img decoding=\"async\" src=\"https:\/\/www.electriciens-sans-frontieres.org\/wp-content\/themes\/esf\/assets\/images\/quote.png\" alt=\"\">\n                    <\/div>\n                    <div class=\"center-col col-lg-3 col-md-4 col-sm-6\">\n                        In 2016, we made our commitment to Electriciens sans fronti\u00e8res permanent through a three-year contract to supply the electrical cables for the projects being carried out. Through Electriciens sans fronti\u00e8res we enable remote areas and their populations to access energy, thus giving them the opportunity to develop independently. Prysmian Group is strongly committed worldwide to supporting activities that improve access to energy and communications.\r\n\r\nOur commitment to Electriciens sans fronti\u00e8res is part of that aim.                    <\/div>\n                    <div class=\"right-col col-lg-3 col-md-3 col-sm-6\">\n                        <img loading=\"lazy\" decoding=\"async\" width=\"270\" height=\"390\" src=\"https:\/\/www.electriciens-sans-frontieres.org\/wp-content\/uploads\/2017\/05\/LTARDIF-270x390.png\" class=\"attachment-esf-testimonial size-esf-testimonial wp-post-image\" alt=\"\" \/>                    <\/div>\n                <\/div>\n                <div class=\"row signature\">\n                    <div class=\"col-lg-10 col-lg-offset-1 col-md-12\">\n                        <div class=\"author-container\">\n                            <div class=\"row\">\n                                <div class=\"col-sm-6 col-sm-offset-2\">\n                                    <h5 class=\"author\">Laurent Tardif<\/h5>\n                                    <h5 class=\"author-position\">President of the Prysmian's Management Board<\/h5>\n                                <\/div>\n                            <\/div>\n                        <\/div>\n                    <\/div>\n                <\/div>\n            <\/div>\n                    <div class=\"testimonial-item\">\n                <div class=\"row\">\n                    <div class=\"left-col col-lg-2 col-lg-offset-2 col-md-offset-1 col-md-3 col-sm-12\">\n                        <div class=\"hr\"><\/div>\n                        <h3>Sharing the same development philosophy, it is a true relationship of confidence that links us to Electriciens sans fronti\u00e8res.<\/h3>\n                        <span class=\"short-content-desc\">Beno\u00eet Coquard<\/span>\n                        <img decoding=\"async\" src=\"https:\/\/www.electriciens-sans-frontieres.org\/wp-content\/themes\/esf\/assets\/images\/quote.png\" alt=\"\">\n                    <\/div>\n                    <div class=\"center-col col-lg-3 col-md-4 col-sm-6\">\n                        The first joint action between Electriciens sans fronti\u00e8res and Legrand dates from the end of 2006, on a project to electrify a dairy in Cameroon. Since 2007, the date of signature of the first partnership agreement between our two organisations, no less than 180 joint projects have seen the light of day in 35 countries. Legrand intervenes in the form of supply of equipment, contribution of expertise, in addition to financial aid.                    <\/div>\n                    <div class=\"right-col col-lg-3 col-md-3 col-sm-6\">\n                        <img loading=\"lazy\" decoding=\"async\" width=\"270\" height=\"390\" src=\"https:\/\/www.electriciens-sans-frontieres.org\/wp-content\/uploads\/2016\/10\/Benoit-Coquart_300-270x390.jpg\" class=\"attachment-esf-testimonial size-esf-testimonial wp-post-image\" alt=\"\" \/>                    <\/div>\n                <\/div>\n                <div class=\"row signature\">\n                    <div class=\"col-lg-10 col-lg-offset-1 col-md-12\">\n                        <div class=\"author-container\">\n                            <div class=\"row\">\n                                <div class=\"col-sm-6 col-sm-offset-2\">\n                                    <h5 class=\"author\">Beno\u00eet Coquard<\/h5>\n                                    <h5 class=\"author-position\">Legrand France Director<\/h5>\n                                <\/div>\n                            <\/div>\n                        <\/div>\n                    <\/div>\n                <\/div>\n            <\/div>\n                    <div class=\"testimonial-item\">\n                <div class=\"row\">\n                    <div class=\"left-col col-lg-2 col-lg-offset-2 col-md-offset-1 col-md-3 col-sm-12\">\n                        <div class=\"hr\"><\/div>\n                        <h3>\"Electriciens sans fronti\u00e8res stepped in to help the development of an electrical education facility.\"<\/h3>\n                        <span class=\"short-content-desc\">Ibou Diame<\/span>\n                        <img decoding=\"async\" src=\"https:\/\/www.electriciens-sans-frontieres.org\/wp-content\/themes\/esf\/assets\/images\/quote.png\" alt=\"\">\n                    <\/div>\n                    <div class=\"center-col col-lg-3 col-md-4 col-sm-6\">\n                        Following our request, Electriciens sans fronti\u00e8res intervened in several areas for the <a href=\"https:\/\/www.electriciens-sans-frontieres.org\/projet\/developpement-dune-filiere-denseignement-professionnelle-delectriciens-a-diofior-expertise\/\">Diofior's professional Training centre<\/a>\u00a0in Senegal.\r\n\r\nIn order to help in the development of a vocational training course for electricians and, within the framework of our partnerships, theoretical and practical training in electricity were implemented. The NGO also provided material for the centres, essential for the students' learning.\r\n\r\n<span style=\"color: #f8f8f8;\">.<\/span>                    <\/div>\n                    <div class=\"right-col col-lg-3 col-md-3 col-sm-6\">\n                        <img loading=\"lazy\" decoding=\"async\" width=\"270\" height=\"390\" src=\"https:\/\/www.electriciens-sans-frontieres.org\/wp-content\/uploads\/2016\/08\/Alexis-Madrange--270x390.png\" class=\"attachment-esf-testimonial size-esf-testimonial wp-post-image\" alt=\"\" \/>                    <\/div>\n                <\/div>\n                <div class=\"row signature\">\n                    <div class=\"col-lg-10 col-lg-offset-1 col-md-12\">\n                        <div class=\"author-container\">\n                            <div class=\"row\">\n                                <div class=\"col-sm-6 col-sm-offset-2\">\n                                    <h5 class=\"author\">Ibou Diame<\/h5>\n                                    <h5 class=\"author-position\">Director of the Diofior's professional training center<\/h5>\n                                <\/div>\n                            <\/div>\n                        <\/div>\n                    <\/div>\n                <\/div>\n            <\/div>\n            <\/div>\n    <div class=\"row\">\n        <div class=\"col-md-9 col-md-offset-2 testimonials-navigation\">\n            <div class=\"owl-thumbs\" data-slider-id=\"528277151\">\n                                    <div class=\"owl-thumb-item\"><img loading=\"lazy\" decoding=\"async\" width=\"125\" height=\"85\" src=\"https:\/\/www.electriciens-sans-frontieres.org\/wp-content\/uploads\/2017\/05\/LTARDIF-125x85.png\" class=\"attachment-esf-testimonial-thumb size-esf-testimonial-thumb wp-post-image\" alt=\"\" \/><\/div>\n                                    <div class=\"owl-thumb-item\"><img loading=\"lazy\" decoding=\"async\" width=\"125\" height=\"85\" src=\"https:\/\/www.electriciens-sans-frontieres.org\/wp-content\/uploads\/2016\/10\/Benoit-Coquart_300-125x85.jpg\" class=\"attachment-esf-testimonial-thumb size-esf-testimonial-thumb wp-post-image\" alt=\"\" \/><\/div>\n                                    <div class=\"owl-thumb-item\"><img loading=\"lazy\" decoding=\"async\" width=\"125\" height=\"85\" src=\"https:\/\/www.electriciens-sans-frontieres.org\/wp-content\/uploads\/2016\/08\/Alexis-Madrange--125x85.png\" class=\"attachment-esf-testimonial-thumb size-esf-testimonial-thumb wp-post-image\" alt=\"\" \/><\/div>\n                            <\/div>\n            <div class=\"navigation\">\n                <div class=\"prev\">&#10094;<\/div>\n                <div class=\"next\">&#10095;<\/div>\n            <\/div>\n        <\/div>\n    <\/div>\n<\/div>[vc_empty_space height=&#8221;10px&#8221;][\/vc_column][\/vc_row][vc_row full_width=&#8221;stretch_row&#8221; css=&#8221;.vc_custom_1555665031165{background-color: #f8f8f8 !important;}&#8221;][vc_column][vc_custom_heading defined_color=&#8221;black&#8221; text=&#8221;PUBLIC AUTHORITIES AND INSTITUTIONS&#8221;][vc_separator align=&#8221;align_left&#8221; border_width=&#8221;2&#8243; el_width=&#8221;30&#8243;][vc_column_text]<\/p>\n<p style=\"text-align: justify;\">D\u2019apr\u00e8s la loi n\u00b0 2007-147 du 2 f\u00e9vrier 2007 relative \u00e0 l\u2019action ext\u00e9rieure des collectivit\u00e9s territoriales et de leurs groupements, ces derni\u00e8res peuvent, dans le respect des engagements internationaux de la France, conclure des conventions avec des autorit\u00e9s locales \u00e9trang\u00e8res pour mener des actions de coop\u00e9ration ou d\u2019aide au d\u00e9veloppement. Si l\u2019urgence le justifie, les collectivit\u00e9s territoriales et leurs groupements peuvent \u00e9galement mettre en \u0153uvre ou financer des actions \u00e0 caract\u00e8re humanitaire.<\/p>\n<p>[\/vc_column_text][vc_column_text]<\/p>\n<p style=\"text-align: justify;\">\u00c0 son origine, la loi Oudin-Santini (2005) permettait uniquement le soutien d\u2019actions men\u00e9es \u00e0 l\u2019\u00e9tranger dans les domaines de l\u2019eau et de l\u2019assainissement par les acteurs charg\u00e9s des services publics d\u2019eau potable et d\u2019assainissement. L\u2019amendement Pintat (2006) permet dor\u00e9navant aux acteurs du service public de distribution de l\u2019\u00e9lectricit\u00e9 et du gaz de consacrer jusqu\u2019\u00e0 1 % de leur budget \u00e0 des actions dans le domaine de la distribution publique d\u2019\u00e9lectricit\u00e9 et de gaz men\u00e9es \u00e0 l\u2019\u00e9tranger.<\/p>\n<p>[\/vc_column_text][\/vc_column][\/vc_row][vc_row full_width=&#8221;stretch_row&#8221; css=&#8221;.vc_custom_1555665077043{background-color: #f8f8f8 !important;}&#8221;][vc_column width=&#8221;1\/3&#8243;][\/vc_column][vc_column width=&#8221;1\/3&#8243;]<div class=\"esf-attachment default \">\n    <a href=\"https:\/\/www.electriciens-sans-frontieres.org\/wp-content\/uploads\/2019\/07\/Fiche-th\u00e9matique-Loi-Oudin-Santini-amend\u00e9e-Pintat_juin2019BD-1.pdf\">\n        <h4>1% energy brochure<\/h4>\n    <\/a>\n<\/div>[\/vc_column][vc_column width=&#8221;1\/3&#8243;][\/vc_column][\/vc_row][vc_row][vc_column][vc_empty_space height=&#8221;10px&#8221;][vc_custom_heading defined_color=&#8221;black&#8221; text=&#8221;ASSOCIATIONS AND NGOS&#8221;][vc_separator align=&#8221;align_left&#8221; border_width=&#8221;2&#8243; el_width=&#8221;30&#8243;][vc_column_text]<\/p>\n<p style=\"text-align: justify;\">Le partenariat entre associations permet bien souvent de capitaliser sur les comp\u00e9tences des deux acteurs et ainsi de renforcer l\u2019efficacit\u00e9 de nos actions sur le terrain.<\/p>\n<p style=\"text-align: justify;\">Acteurs locaux, ONG expertes dans un domaine, associations\u2026 La compl\u00e9mentarit\u00e9 de tous ces acteurs r\u00e9unis s\u2019av\u00e8re \u00eatre une force inestimable. L\u2019objectif d\u2019Electriciens sans fronti\u00e8res est de concevoir et d\u2019activer de nombreux partenariats car le gain en efficacit\u00e9 est prouv\u00e9.<\/p>\n<p style=\"text-align: justify;\">De nombreuses formes d\u2019engagement existent :<\/p>\n<ul>\n<li style=\"text-align: justify;\">Partenariat sur des projets<\/li>\n<li style=\"text-align: justify;\">Conseils et appui entre acteurs de la solidarit\u00e9<\/li>\n<li style=\"text-align: justify;\">Conseils sur des th\u00e9matiques sp\u00e9cifiques<\/li>\n<\/ul>\n<p>[\/vc_column_text][vc_empty_space height=&#8221;10px&#8221;][\/vc_column][\/vc_row][vc_row css=&#8221;.vc_custom_1556545726571{background-color: #009cc1 !important;}&#8221;][vc_column][vc_custom_heading text=&#8221;CONTACT&#8221; font_container=&#8221;tag:h2|text_align:center|color:%23ffffff&#8221;][vc_column_text]<\/p>\n<p style=\"text-align: center;\"><strong><span style=\"color: #ffffff;\">Tous types de partenariats<\/span><\/strong><\/p>\n<p>[\/vc_column_text][vc_separator color=&#8221;white&#8221; border_width=&#8221;2&#8243; el_width=&#8221;30&#8243;][vc_column_text]<\/p>\n<p style=\"text-align: center;\"><span style=\"color: #ffff;\"><strong><a href=\"mailto:contact@electriciens-sans-frontieres.org\"><span style=\"color: #ffffff;\">contact@electriciens-sans-frontieres.org<\/span><\/a><\/strong><\/span><\/p>\n<p style=\"text-align: center;\"><span style=\"color: #ffff;\"><strong>01 84 21 10 40<\/strong><\/span><\/p>\n<p>[\/vc_column_text][\/vc_column][\/vc_row][vc_row full_width=&#8221;stretch_row_content&#8221;][vc_column][vc_empty_space height=&#8221;10px&#8221;][vc_separator border_width=&#8221;2&#8243;][\/vc_column][\/vc_row]<\/p>\n<\/div>","protected":false},"excerpt":{"rendered":"<p>[vc_row full_width=&#8221;stretch_row&#8221; content_placement=&#8221;middle&#8221; css=&#8221;.vc_custom_1548331697027{background-color: #ededed !important;}&#8221; el_class=&#8221;grey-row&#8221;][vc_column][vc_column_text] L\u2019implication et le soutien de nos partenaires dans notre action humanitaire sont indispensables. M\u00e9c\u00e9nat financier, m\u00e9c\u00e9nat de comp\u00e9tences, don<span class=\"excerpt-hellip\"> [\u2026]<\/span><\/p>\n","protected":false},"author":10,"featured_media":0,"parent":0,"menu_order":49,"comment_status":"closed","ping_status":"closed","template":"","meta":{"footnotes":""},"class_list":["post-25460","page","type-page","status-publish","hentry"],"_links":{"self":[{"href":"https:\/\/www.electriciens-sans-frontieres.org\/en\/wp-json\/wp\/v2\/pages\/25460","targetHints":{"allow":["GET"]}}],"collection":[{"href":"https:\/\/www.electriciens-sans-frontieres.org\/en\/wp-json\/wp\/v2\/pages"}],"about":[{"href":"https:\/\/www.electriciens-sans-frontieres.org\/en\/wp-json\/wp\/v2\/types\/page"}],"author":[{"embeddable":true,"href":"https:\/\/www.electriciens-sans-frontieres.org\/en\/wp-json\/wp\/v2\/users\/10"}],"replies":[{"embeddable":true,"href":"https:\/\/www.electriciens-sans-frontieres.org\/en\/wp-json\/wp\/v2\/comments?post=25460"}],"version-history":[{"count":13,"href":"https:\/\/www.electriciens-sans-frontieres.org\/en\/wp-json\/wp\/v2\/pages\/25460\/revisions"}],"predecessor-version":[{"id":42451,"href":"https:\/\/www.electriciens-sans-frontieres.org\/en\/wp-json\/wp\/v2\/pages\/25460\/revisions\/42451"}],"wp:attachment":[{"href":"https:\/\/www.electriciens-sans-frontieres.org\/en\/wp-json\/wp\/v2\/media?parent=25460"}],"curies":[{"name":"wp","href":"https:\/\/api.w.org\/{rel}","templated":true}]}}