{"id":27203,"date":"2020-06-17T15:30:46","date_gmt":"2020-06-17T13:30:46","guid":{"rendered":"https:\/\/electriciens-sans-frontieres.org\/our-action-principles\/training\/"},"modified":"2020-06-17T15:30:47","modified_gmt":"2020-06-17T13:30:47","slug":"training","status":"publish","type":"page","link":"https:\/\/www.electriciens-sans-frontieres.org\/en\/our-action-principles-2\/training\/","title":{"rendered":"Training"},"content":{"rendered":"<div class=\"wpb-content-wrapper\"><p>[vc_row full_width=&#8221;stretch_row&#8221; content_placement=&#8221;middle&#8221; css=&#8221;.vc_custom_1548331697027{background-color: #ededed !important;}&#8221; el_class=&#8221;grey-row&#8221;][vc_column][vc_column_text]<\/p>\n<p style=\"text-align: justify;\">Skills transfer is essential to the emergence of local operators and ensures the sustainability of the installations. Training is one of the keys to a project\u2019s sustainability. Without skills transfer, the upkeep and maintenance of electricity and water production facilities cannot be guaranteed.<\/p>\n<p>[\/vc_column_text][\/vc_column][\/vc_row][vc_row css=&#8221;.vc_custom_1473692668903{background-color: #ffffff !important;}&#8221;][vc_column][vc_custom_heading text=&#8221;The challenges&#8221; use_theme_fonts=&#8221;yes&#8221;][vc_separator align=&#8221;align_left&#8221; border_width=&#8221;2&#8243; el_width=&#8221;30&#8243;][vc_column_text]<\/p>\n<p style=\"text-align: justify;\">Practical work is essential in any training.. In the absence of electricity, many training centres cannot provide practical work. Electricity enables students to acquire practical knowledge to prepare them for their future jobs (dressmaking, electrical work, etc.).<\/p>\n<p>[\/vc_column_text][\/vc_column][\/vc_row][vc_row css=&#8221;.vc_custom_1473692668903{background-color: #ffffff !important;}&#8221;][vc_column][vc_custom_heading text=&#8221;The solutions&#8221; use_theme_fonts=&#8221;yes&#8221;][vc_separator align=&#8221;align_left&#8221; border_width=&#8221;2&#8243; el_width=&#8221;30&#8243;][vc_empty_space][vc_toggle title=&#8221;Train future installation managers&#8221; open=&#8221;true&#8221; number=&#8221;1&#8243;]<\/p>\n<p style=\"text-align: justify;\"><span style=\"font-weight: 400;\">Before the project starts, the project team in charge identifies, with the help of the community, who will be trained in caring for and maintaining the installations. They are often technicians who already have some basic knowledge of electricity.<\/span><\/p>\n<p>[\/vc_toggle][vc_toggle title=&#8221;Rely on local artisans&#8221; style=&#8221;simple&#8221; number=&#8221;2&#8243;]<\/p>\n<p style=\"text-align: justify;\"><span style=\"font-weight: 400;\">Wherever possible, we carry out the work with local electricians. We train them in photovoltaic energy, which allows them to diversify into other activities.<\/span><\/p>\n<p>[\/vc_toggle][vc_toggle title=&#8221;Organise vocational training centre&#8221; style=&#8221;simple&#8221; number=&#8221;3&#8243;]<\/p>\n<p style=\"text-align: justify;\"><span style=\"font-weight: 400;\">The implementation of access to electricity or water facilities can also take place as on the job training. We then supervise a team of young apprentice electricians and carry out the work together with them. At the end, the students receive an Electriciens sans fronti\u00e8res certificate which is evidence of their participation in the vocational training centre.<\/span><\/p>\n<p>[\/vc_toggle][vc_toggle title=&#8221;Train, even during emergencies&#8221; style=&#8221;simple&#8221; number=&#8221;4&#8243;]<\/p>\n<p style=\"text-align: justify;\">As in our development projects, we take time in emergencies to train our local partners in the use and maintenance of the equipment at their disposal. Together with the villagers, we identify the points to be supplied with electricity by us. A team of volunteers takes part in the work and people are identified to be trained in the management and maintenance of the equipment.<\/p>\n<p>[\/vc_toggle][vc_toggle title=&#8221;Raise the entire population&#8217;s awareness of electrical risks and energy savings&#8221; style=&#8221;simple&#8221; number=&#8221;5&#8243;]<\/p>\n<p style=\"text-align: justify;\"><span style=\"font-weight: 400;\">The implementation of an electrical installation in a village is accompanied by an information meeting with the inhabitants in order to ensure their safety and to guarantee that the installations are used efficiently and economically.<\/span><\/p>\n<p>[\/vc_toggle][vc_empty_space][vc_empty_space][\/vc_column][\/vc_row][vc_row full_width=&#8221;stretch_row_content_no_spaces&#8221;][vc_column]\n<div class=\"esf-projects\">\n                                    <div class=\"bg-yellow-pattern\">\n                    <div class=\"bg-white bg-grey shadow col-md-7 col-xs-12\">\n                    <\/div>\n                    <div class=\"container featured-project-item\">\n                        <div class=\"col-md-6 col-image\">\n                            <a href=\"https:\/\/www.electriciens-sans-frontieres.org\/projet\/projet-sisam-solution-dirrigation-solaire-amelioree\/\" style=\"background-image: url(https:\/\/www.electriciens-sans-frontieres.org\/wp-content\/uploads\/2017\/04\/IMG_20181130_150821.jpg)\">\n                                                                                                            <div class=\"country bg-yellow\">B\u00e9nin<\/div>\n                                                                        <\/a>\n                        <\/div>\n                        <div class=\"col-md-6 col-text\">\n                            <h5 class=\"sunrise text-yellow mb-xs-5 upper\">Projet<\/h5>\n                            <h1 class=\"title\"><a href=\"https:\/\/www.electriciens-sans-frontieres.org\/projet\/projet-sisam-solution-dirrigation-solaire-amelioree\/\">Projet SISAM : Solution d&#8217;Irrigation Solaire Am\u00e9lior\u00e9e<\/a><\/h1>\n                            <p>Le projet SISAM vise \u00e0 contribuer \u00e0 la r\u00e9duction de la pauvret\u00e9 et \u00e0 la s\u00e9curit\u00e9 alimentaire en milieu rural en favorisant l\u2019\u00e9mergence de moyens d\u2019irrigation durables et accessibles pour les petites exploitations mara\u00eech\u00e8res au Burkina Faso, au B\u00e9nin et au Togo.<\/p>\n                            <a href=\"https:\/\/www.electriciens-sans-frontieres.org\/projet\/projet-sisam-solution-dirrigation-solaire-amelioree\/\" class=\"vc_general vc_btn3 vc_btn3-size-sm vc_btn3-shape-round vc_btn3-color-yellow upper pull-right\">Voir le projet<\/a>\n                        <\/div>\n                    <\/div>\n                <\/div>\n            \n                                    <a href=\"https:\/\/www.electriciens-sans-frontieres.org\/en\/projet\/light-for-rohingyas-in-coxs-bazar-refugee-camp\/\" class=\"project-item\">\n                    <div class=\"image\" style=\"background-image: url(https:\/\/www.electriciens-sans-frontieres.org\/wp-content\/uploads\/2019\/06\/Rohingyas-May-2019-11-1024x683.jpg)\">\n                        <div class=\"overlay overlay-yellow\">\n                                                                                                <div class=\"country bg-yellow\">Bengladesh<\/div>\n                                                                    <div class=\"background-title\">\n                                <div class=\"title\">Light for Rohingyas in cox&#8217;s bazar refugee camp<\/div>\n                            <\/div>\n                        <\/div>\n                    <\/div>\n                <\/a>\n            \n                                    <a href=\"https:\/\/www.electriciens-sans-frontieres.org\/en\/projet\/lebanon-beyond-the-emergency\/\" class=\"project-item\">\n                    <div class=\"image\" style=\"background-image: url(https:\/\/www.electriciens-sans-frontieres.org\/wp-content\/uploads\/2020\/09\/WhatsApp-Image-2020-09-09-at-16.17.06-1024x768.jpeg)\">\n                        <div class=\"overlay overlay-yellow\">\n                                                                                                <div class=\"country bg-yellow\">Lebanon<\/div>\n                                                                    <div class=\"background-title\">\n                                <div class=\"title\">Lebanon: beyond the emergency<\/div>\n                            <\/div>\n                        <\/div>\n                    <\/div>\n                <\/a>\n            \n                                    <a href=\"https:\/\/www.electriciens-sans-frontieres.org\/en\/projet\/developing-vocational-education-courses-for-electricians-in-diofior\/\" class=\"project-item\">\n                    <div class=\"image\" style=\"background-image: url(https:\/\/www.electriciens-sans-frontieres.org\/wp-content\/uploads\/2018\/03\/2018-12-07-P1020371-Tables-de-mesures-et-essais-1024x768.jpg)\">\n                        <div class=\"overlay overlay-yellow\">\n                                                                                                <div class=\"country bg-yellow\">Senegal<\/div>\n                                                                    <div class=\"background-title\">\n                                <div class=\"title\">Developing vocational education courses for electricians in Diofior<\/div>\n                            <\/div>\n                        <\/div>\n                    <\/div>\n                <\/a>\n            \n                                    <a href=\"https:\/\/www.electriciens-sans-frontieres.org\/en\/projet\/burkina-faso-allow-the-self-sufficiency-of-the-saint-robert-bellarmin-high-school\/\" class=\"project-item\">\n                    <div class=\"image\" style=\"background-image: url(https:\/\/www.electriciens-sans-frontieres.org\/wp-content\/uploads\/2021\/01\/projverso1466-947x1024.jpg)\">\n                        <div class=\"overlay overlay-yellow\">\n                                                                                                <div class=\"country bg-yellow\">Burkina Faso<\/div>\n                                                                    <div class=\"background-title\">\n                                <div class=\"title\">Burkina Faso : allow the self-sufficiency of the Saint Robert Bellarmin High School<\/div>\n                            <\/div>\n                        <\/div>\n                    <\/div>\n                <\/a>\n            \n                                    <a href=\"https:\/\/www.electriciens-sans-frontieres.org\/en\/projet\/artisanal-plastic-recycling-centre-in-ouahigouya\/\" class=\"project-item\">\n                    <div class=\"image\" style=\"background-image: url(https:\/\/www.electriciens-sans-frontieres.org\/wp-content\/uploads\/2020\/02\/DSC02844-1024x682.jpeg)\">\n                        <div class=\"overlay overlay-yellow\">\n                                                                                                <div class=\"country bg-yellow\">Burkina Faso<\/div>\n                                                                    <div class=\"background-title\">\n                                <div class=\"title\">Artisanal plastic recycling centre in Ouahigouya<\/div>\n                            <\/div>\n                        <\/div>\n                    <\/div>\n                <\/a>\n            \n        <\/div>[\/vc_column][\/vc_row][vc_row full_width=&#8221;stretch_row_content&#8221;][vc_column][vc_empty_space height=&#8221;10px&#8221;][vc_empty_space height=&#8221;10px&#8221;][vc_separator border_width=&#8221;2&#8243;][\/vc_column][\/vc_row]<\/p>\n<\/div>","protected":false},"excerpt":{"rendered":"<p>[vc_row full_width=&#8221;stretch_row&#8221; content_placement=&#8221;middle&#8221; css=&#8221;.vc_custom_1548331697027{background-color: #ededed !important;}&#8221; el_class=&#8221;grey-row&#8221;][vc_column][vc_column_text] Skills transfer is essential to the emergence of local operators and ensures the sustainability of the installations. Training is<span class=\"excerpt-hellip\"> [\u2026]<\/span><\/p>\n","protected":false},"author":10,"featured_media":0,"parent":24236,"menu_order":0,"comment_status":"closed","ping_status":"closed","template":"","meta":{"footnotes":""},"class_list":["post-27203","page","type-page","status-publish","hentry"],"_links":{"self":[{"href":"https:\/\/www.electriciens-sans-frontieres.org\/en\/wp-json\/wp\/v2\/pages\/27203","targetHints":{"allow":["GET"]}}],"collection":[{"href":"https:\/\/www.electriciens-sans-frontieres.org\/en\/wp-json\/wp\/v2\/pages"}],"about":[{"href":"https:\/\/www.electriciens-sans-frontieres.org\/en\/wp-json\/wp\/v2\/types\/page"}],"author":[{"embeddable":true,"href":"https:\/\/www.electriciens-sans-frontieres.org\/en\/wp-json\/wp\/v2\/users\/10"}],"replies":[{"embeddable":true,"href":"https:\/\/www.electriciens-sans-frontieres.org\/en\/wp-json\/wp\/v2\/comments?post=27203"}],"version-history":[{"count":1,"href":"https:\/\/www.electriciens-sans-frontieres.org\/en\/wp-json\/wp\/v2\/pages\/27203\/revisions"}],"predecessor-version":[{"id":27204,"href":"https:\/\/www.electriciens-sans-frontieres.org\/en\/wp-json\/wp\/v2\/pages\/27203\/revisions\/27204"}],"up":[{"embeddable":true,"href":"https:\/\/www.electriciens-sans-frontieres.org\/en\/wp-json\/wp\/v2\/pages\/24236"}],"wp:attachment":[{"href":"https:\/\/www.electriciens-sans-frontieres.org\/en\/wp-json\/wp\/v2\/media?parent=27203"}],"curies":[{"name":"wp","href":"https:\/\/api.w.org\/{rel}","templated":true}]}}