{"id":38894,"date":"2024-12-17T16:52:01","date_gmt":"2024-12-17T15:52:01","guid":{"rendered":"https:\/\/electriciens-sans-frontieres.org\/?page_id=38894"},"modified":"2025-04-01T16:11:18","modified_gmt":"2025-04-01T14:11:18","slug":"cyclone-mayotte-don","status":"publish","type":"page","link":"https:\/\/www.electriciens-sans-frontieres.org\/en\/cyclone-mayotte-don\/","title":{"rendered":"Urgence Cyclone \u00e0 Mayotte : mobilisons-nous"},"content":{"rendered":"<div class=\"wpb-content-wrapper\"><p>[vc_row full_width=&#8221;stretch_row&#8221;][vc_column][vc_empty_space height=&#8221;10px&#8221;][vc_custom_heading text=&#8221;Urgence Cyclone \u00e0 Mayotte : mobilisons-nous&#8221; font_container=&#8221;tag:h2|text_align:left|color:%23009cc1&#8243; use_theme_fonts=&#8221;yes&#8221; css=&#8221;&#8221;][vc_wp_text]<iframe id=\"haWidget\" style=\"width: 100%; height: 1400px; border: none;\" src=\"https:\/\/www.helloasso.com\/associations\/electriciens-sans-frontieres\/formulaires\/49\/widget\" scrolling=\"auto\"><\/iframe>[\/vc_wp_text][\/vc_column][\/vc_row][vc_row full_width=&#8221;stretch_row&#8221; css=&#8221;.vc_custom_1555336448419{background-color: #ffffff !important;}&#8221;][vc_column][vc_row_inner][vc_column_inner width=&#8221;1\/6&#8243;][\/vc_column_inner][vc_column_inner width=&#8221;2\/3&#8243; css=&#8221;.vc_custom_1622800922113{border-top-width: 1px !important;border-right-width: 1px !important;border-bottom-width: 1px !important;border-left-width: 1px !important;padding-top: 10px !important;padding-right: 10px !important;padding-bottom: 10px !important;padding-left: 10px !important;border-left-color: #009cc1 !important;border-left-style: dotted !important;border-right-color: #009cc1 !important;border-right-style: dotted !important;border-top-color: #009cc1 !important;border-top-style: dotted !important;border-bottom-color: #009cc1 !important;border-bottom-style: dotted !important;border-radius: 2px !important;}&#8221;][vc_custom_heading defined_color=&#8221;black&#8221; text=&#8221;Vous souhaitez faire un don par ch\u00e8que ?&#8221; font_container=&#8221;tag:h3|text_align:center&#8221; use_theme_fonts=&#8221;yes&#8221;][vc_column_text css=&#8221;&#8221;]<\/p>\n<p style=\"text-align: center;\">Adressez votre ch\u00e8que \u00e0 l&#8217;ordre d&#8217;Electriciens sans fronti\u00e8res et retournez-le \u00e0 :<\/p>\n<p style=\"text-align: center;\"><strong>Electriciens sans fronti\u00e8res<\/strong><br \/>\n<strong>59 avenue de la R\u00e9publique, 93170 Bagnolet<\/strong><\/p>\n<p style=\"text-align: center;\">Nous vous\u00a0remercions de votre soutien !<\/p>\n<p>[\/vc_column_text][\/vc_column_inner][vc_column_inner width=&#8221;1\/6&#8243;][\/vc_column_inner][\/vc_row_inner][\/vc_column][\/vc_row][vc_row full_width=&#8221;stretch_row&#8221; gap=&#8221;30&#8243;][vc_column width=&#8221;1\/2&#8243; css=&#8221;.vc_custom_1555336784201{border-top-width: 1px !important;border-right-width: 1px !important;border-bottom-width: 1px !important;border-left-width: 1px !important;padding-top: 10px !important;padding-right: 10px !important;padding-bottom: 10px !important;padding-left: 10px !important;border-left-color: #009cc1 !important;border-left-style: dotted !important;border-right-color: #009cc1 !important;border-right-style: dotted !important;border-top-color: #009cc1 !important;border-top-style: dotted !important;border-bottom-color: #009cc1 !important;border-bottom-style: dotted !important;border-radius: 1px !important;}&#8221;][vc_custom_heading text=&#8221;QU\u2019APPORTE VOTRE DON ?&#8221; font_container=&#8221;tag:h2|text_align:left|color:%23009cc1&#8243; use_theme_fonts=&#8221;yes&#8221;][vc_column_text]<\/p>\n<p style=\"text-align: justify;\">Faire un don \u00e0 Electriciens sans fronti\u00e8res, c\u2019est agir concr\u00e8tement pour am\u00e9liorer les conditions de vie des plus d\u00e9munis\u00a0!<\/p>\n<p style=\"text-align: justify;\">Votre don est d\u00e9ductible il vous permet de b\u00e9n\u00e9ficier d\u2019une d\u00e9duction fiscale.<\/p>\n<p style=\"text-align: justify;\">Ainsi, 66 % du montant de votre don au profit d\u2019Electriciens sans fronti\u00e8res est d\u00e9ductible de votre imp\u00f4t sur le revenu (dans la limite de 20 % du revenu imposable de l\u2019ann\u00e9e de l\u2019acte de don).<\/p>\n<p>[\/vc_column_text][vc_single_image image=&#8221;38167&#8243; img_size=&#8221;medium&#8221; alignment=&#8221;center&#8221;][\/vc_column][vc_column width=&#8221;1\/2&#8243; css=&#8221;.vc_custom_1555337024005{border-top-width: 1px !important;border-right-width: 1px !important;border-bottom-width: 1px !important;border-left-width: 1px !important;padding-top: 10px !important;padding-right: 10px !important;padding-bottom: 10px !important;padding-left: 10px !important;border-left-color: #009cc1 !important;border-left-style: dotted !important;border-right-color: #009cc1 !important;border-right-style: dotted !important;border-top-color: #009cc1 !important;border-top-style: dotted !important;border-bottom-color: #009cc1 !important;border-bottom-style: dotted !important;border-radius: 1px !important;}&#8221;][vc_custom_heading text=&#8221;COMMENT SERA UTILIS\u00c9 MON DON ?&#8221; font_container=&#8221;tag:h2|text_align:left|color:%23009cc1&#8243; use_theme_fonts=&#8221;yes&#8221;][vc_column_text css=&#8221;&#8221;]<\/p>\n<p style=\"text-align: justify;\">En 2023, 92 % des ressources financi\u00e8res ont \u00e9t\u00e9 d\u00e9di\u00e9es \u00e0 la r\u00e9alisation des missions sociales \u00e0 l\u2019\u00e9tranger. Le sch\u00e9ma ci-apr\u00e8s illustre les d\u00e9penses globales par nature et par type d\u2019emploi.<\/p>\n<p><span class=\"TextRun SCXW41072442 BCX8\" lang=\"FR-FR\" xml:lang=\"FR-FR\" data-contrast=\"auto\"><span class=\"NormalTextRun CommentStart CommentHighlightPipeRestV2 CommentHighlightRest SCXW41072442 BCX8\">Electriciens sans fronti\u00e8res <\/span><span class=\"NormalTextRun CommentHighlightRest SCXW41072442 BCX8\">garantit que votre don sera affect\u00e9 aux op\u00e9rations d\u2019urgence que vous avez d\u00e9cid\u00e9 de soutenir et respectera cette affectation. Dans l&#8217;\u00e9ventualit\u00e9 o\u00f9 notre r\u00e9ponse <\/span><span class=\"NormalTextRun CommentHighlightRest SCXW41072442 BCX8\">serait enti\u00e8rement financ\u00e9e, <\/span><span class=\"NormalTextRun CommentHighlightRest SCXW41072442 BCX8\">Electriciens sans fronti\u00e8res<\/span><span class=\"NormalTextRun CommentHighlightRest SCXW41072442 BCX8\"> utilisera les fonds collect\u00e9s pour ses autres missions prioritaires.<\/span><\/span><span class=\"EOP CommentHighlightPipeRestV2 SCXW41072442 BCX8\" data-ccp-props=\"{&quot;201341983&quot;:0,&quot;335551550&quot;:6,&quot;335551620&quot;:6,&quot;335559739&quot;:160,&quot;335559740&quot;:259}\">\u00a0<\/span>[\/vc_column_text][vc_row_inner][vc_column_inner][vc_single_image image=&#8221;38536&#8243; img_size=&#8221;large&#8221; alignment=&#8221;center&#8221;][\/vc_column_inner][\/vc_row_inner][\/vc_column][\/vc_row][vc_row full_width=&#8221;stretch_row&#8221; gap=&#8221;30&#8243;][vc_column width=&#8221;1\/3&#8243;][vc_empty_space height=&#8221;10px&#8221;][vc_custom_heading text=&#8221;DONNEZ EN TOUTE CONFIANCE !&#8221; font_container=&#8221;tag:h2|text_align:left|color:%23009cc1&#8243; use_theme_fonts=&#8221;yes&#8221;][vc_separator align=&#8221;align_left&#8221; border_width=&#8221;2&#8243; el_width=&#8221;30&#8243;][vc_column_text css=&#8221;.vc_custom_1577452191324{border-radius: 3px !important;}&#8221;]<\/p>\n<p style=\"text-align: justify;\">Electriciens sans fronti\u00e8res est agr\u00e9\u00e9e par le label du <a href=\"http:\/\/www.donenconfiance.org\/\">don en confiance<\/a>. A la demande des associations qui le souhaitent, cet organisme contr\u00f4le les organisations qui font appel \u00e0 la g\u00e9n\u00e9rosit\u00e9 du public. Les 4 champs du contr\u00f4le continu exerc\u00e9 par les contr\u00f4leurs du label concernent : le fonctionnement statutaire et la gestion d\u00e9sint\u00e9ress\u00e9e, la rigueur de la gestion, la qualit\u00e9 de la communication et des actions de collecte de fonds, et la transparence financi\u00e8re.<\/p>\n<p>[\/vc_column_text][\/vc_column][vc_column width=&#8221;1\/3&#8243;][vc_empty_space height=&#8221;10px&#8221;][vc_custom_heading text=&#8221;PAIEMENT 100 % S\u00c9CURIS\u00c9 !&#8221; font_container=&#8221;tag:h2|text_align:left|color:%23009cc1&#8243; use_theme_fonts=&#8221;yes&#8221;][vc_separator align=&#8221;align_left&#8221; border_width=&#8221;2&#8243; el_width=&#8221;30&#8243;][vc_column_text]<\/p>\n<p style=\"text-align: justify;\">Ce site internet est 100 % s\u00e9curis\u00e9.<\/p>\n<p style=\"text-align: justify;\">Les informations bancaires n\u00e9cessaires au traitement de votre paiement en ligne sont int\u00e9gralement s\u00e9curis\u00e9es. Elles ne sont pas conserv\u00e9es sur nos syst\u00e8mes informatiques. Gr\u00e2ce au cryptage SSL de vos donn\u00e9es bancaires, vous \u00eates assur\u00e9s de la fiabilit\u00e9 de vos transactions sur Internet. Pour en \u00eatre certain : l\u2019espace est s\u00e9curis\u00e9 d\u00e8s que l\u2019URL d\u2019Electriciens sans fronti\u00e8res commence par https.<\/p>\n<p style=\"text-align: justify;\">Notre service donateurs est \u00e0 votre disposition pour r\u00e9pondre \u00e0 toutes vos questions. N\u2019h\u00e9sitez pas \u00e0 nous contacter par e-mail \u00e0 l\u2019adresse suivante\u00a0: <a href=\"mailto:relation.donateurs@electriciens-sans-frontieres.org\">relation.donateurs@electriciens-sans-frontieres.org<\/a><\/p>\n<p>[\/vc_column_text][\/vc_column][vc_column width=&#8221;1\/3&#8243;][vc_empty_space height=&#8221;10px&#8221;][vc_custom_heading text=&#8221;CONFIDENTIALIT\u00c9 DE VOS DONN\u00c9ES !&#8221; font_container=&#8221;tag:h2|text_align:left|color:%23009cc1&#8243; use_theme_fonts=&#8221;yes&#8221;][vc_separator align=&#8221;align_left&#8221; border_width=&#8221;2&#8243; el_width=&#8221;30&#8243;][vc_column_text]<\/p>\n<p style=\"text-align: justify;\">Les coordonn\u00e9es recueillies via notre formulaire sont indispensables pour vous envoyer votre re\u00e7u fiscal.<\/p>\n<p style=\"text-align: justify;\">Conform\u00e9ment \u00e0 ses engagements, Electriciens sans fronti\u00e8res n\u2019\u00e9change pas votre adresse avec d\u2019autres organismes.<\/p>\n<p style=\"text-align: justify;\">Conform\u00e9ment \u00e0 la loi fran\u00e7aise N\u00b7 78-17 du 6 janvier 1978 relative \u00e0 l\u2019informatique, aux fichiers et aux libert\u00e9s (CNIL), vous disposez d\u2019un droit d\u2019acc\u00e8s, de modification, de rectification et de suppression des donn\u00e9es vous concernant.<\/p>\n<p style=\"text-align: justify;\">Pour exercer ce droit, contactez notre service donateurs \u00e0 l\u2019adresse suivante : <a href=\"mailto:relation.donateurs@electriciens-sans-frontieres.org\">relation.donateurs@electriciens-sans-frontieres.org<\/a><\/p>\n<p>[\/vc_column_text][\/vc_column][\/vc_row][vc_row full_width=&#8221;stretch_row_content&#8221;][vc_column][vc_empty_space height=&#8221;10px&#8221;][vc_separator border_width=&#8221;2&#8243;][\/vc_column][\/vc_row]<\/p>\n<\/div>","protected":false},"excerpt":{"rendered":"<p>[vc_row full_width=&#8221;stretch_row&#8221;][vc_column][vc_empty_space height=&#8221;10px&#8221;][vc_custom_heading text=&#8221;Urgence Cyclone \u00e0 Mayotte : mobilisons-nous&#8221; font_container=&#8221;tag:h2|text_align:left|color:%23009cc1&#8243; use_theme_fonts=&#8221;yes&#8221; css=&#8221;&#8221;][vc_wp_text][\/vc_wp_text][\/vc_column][\/vc_row][vc_row full_width=&#8221;stretch_row&#8221; css=&#8221;.vc_custom_1555336448419{background-color: #ffffff !important;}&#8221;][vc_column][vc_row_inner][vc_column_inner width=&#8221;1\/6&#8243;][\/vc_column_inner][vc_column_inner width=&#8221;2\/3&#8243; css=&#8221;.vc_custom_1622800922113{border-top-width: 1px !important;border-right-width: 1px !important;border-bottom-width: 1px !important;border-left-width: 1px<span class=\"excerpt-hellip\"> [\u2026]<\/span><\/p>\n","protected":false},"author":14,"featured_media":0,"parent":0,"menu_order":35,"comment_status":"closed","ping_status":"closed","template":"","meta":{"footnotes":""},"class_list":["post-38894","page","type-page","status-publish","hentry"],"_links":{"self":[{"href":"https:\/\/www.electriciens-sans-frontieres.org\/en\/wp-json\/wp\/v2\/pages\/38894","targetHints":{"allow":["GET"]}}],"collection":[{"href":"https:\/\/www.electriciens-sans-frontieres.org\/en\/wp-json\/wp\/v2\/pages"}],"about":[{"href":"https:\/\/www.electriciens-sans-frontieres.org\/en\/wp-json\/wp\/v2\/types\/page"}],"author":[{"embeddable":true,"href":"https:\/\/www.electriciens-sans-frontieres.org\/en\/wp-json\/wp\/v2\/users\/14"}],"replies":[{"embeddable":true,"href":"https:\/\/www.electriciens-sans-frontieres.org\/en\/wp-json\/wp\/v2\/comments?post=38894"}],"version-history":[{"count":5,"href":"https:\/\/www.electriciens-sans-frontieres.org\/en\/wp-json\/wp\/v2\/pages\/38894\/revisions"}],"predecessor-version":[{"id":39547,"href":"https:\/\/www.electriciens-sans-frontieres.org\/en\/wp-json\/wp\/v2\/pages\/38894\/revisions\/39547"}],"wp:attachment":[{"href":"https:\/\/www.electriciens-sans-frontieres.org\/en\/wp-json\/wp\/v2\/media?parent=38894"}],"curies":[{"name":"wp","href":"https:\/\/api.w.org\/{rel}","templated":true}]}}