{"id":42440,"date":"2021-04-23T12:33:55","date_gmt":"2021-04-23T10:33:55","guid":{"rendered":"https:\/\/www.electriciens-sans-frontieres.org\/solidarity-energy-week-2021\/"},"modified":"2026-04-02T09:58:30","modified_gmt":"2026-04-02T07:58:30","slug":"solidarity-energy-week-2021","status":"publish","type":"page","link":"https:\/\/www.electriciens-sans-frontieres.org\/en\/solidarity-energy-week-2021\/","title":{"rendered":"Solidarity Energy Week 2021"},"content":{"rendered":"<div class=\"wpb-content-wrapper\"><p>[vc_row full_width=&#8221;stretch_row&#8221; content_placement=&#8221;middle&#8221; css=&#8221;.vc_custom_1583924511710{background-color: #ffffff !important;}&#8221; el_class=&#8221;grey-row&#8221;][vc_column][vc_single_image image=&#8221;29046&#8243; alignment=&#8221;center&#8221;][\/vc_column][\/vc_row][vc_row][vc_column][vc_custom_heading defined_color=&#8221;black&#8221; text=&#8221;Across France, to raise awareness of our actions, let&#039;s get together!&#8221; use_theme_fonts=&#8221;yes&#8221;][vc_separator align=&#8221;align_left&#8221; border_width=&#8221;2&#8243; el_width=&#8221;30&#8243;][vc_column_text]Solidarity Energy Week is a week to show that solutions exist to combat inequalities in access to electricity and water around the world!<\/p>\n<p>It was created by Electriciens sans fronti\u00e8res in 2013 to raise awareness of the problems of access to electricity and water around the world.<\/p>\n<p>Together, let&#8217;s mobilize to carry this message and raise awareness of Electriciens sans fronti\u00e8res![\/vc_column_text][vc_row_inner][vc_column_inner width=&#8221;1\/4&#8243;][\/vc_column_inner][vc_column_inner width=&#8221;1\/4&#8243;]<div class=\"esf-attachment default \">\n    <a href=\"https:\/\/www.electriciens-sans-frontieres.org\/wp-content\/uploads\/2021\/09\/Programme-Semaine-de-lEnergie-Solidaire-2021.pdf\">\n        <h4>Program of the week<\/h4>\n    <\/a>\n<\/div>[\/vc_column_inner][vc_column_inner width=&#8221;1\/4&#8243;]<div class=\"esf-attachment default \">\n    <a href=\"https:\/\/www.electriciens-sans-frontieres.org\/wp-content\/uploads\/2021\/09\/160921-Communique-de-presse-Electriciens-sans-frontieres-presente-sa-Semaine-de-lenergie-solidaire-2021.pdf\">\n        <h4>Press release<\/h4>\n    <\/a>\n<\/div>[\/vc_column_inner][vc_column_inner width=&#8221;1\/4&#8243;][\/vc_column_inner][\/vc_row_inner][vc_empty_space height=&#8221;10px&#8221;][\/vc_column][\/vc_row][vc_row][vc_column width=&#8221;1\/2&#8243;][vc_custom_heading defined_color=&#8221;black&#8221; text=&#8221;How can you get involved with Electriciens sans fronti\u00e8res?&#8221; use_theme_fonts=&#8221;yes&#8221;][vc_separator align=&#8221;align_left&#8221; border_width=&#8221;2&#8243; el_width=&#8221;30&#8243;][vc_custom_heading defined_color=&#8221;black&#8221; text=&#8221;&lt;b&gt;Target: 4074 km + 2125 km&lt;\/b&gt;&#8221; font_container=&#8221;tag:h3|text_align:left&#8221; use_theme_fonts=&#8221;yes&#8221;][vc_separator align=&#8221;align_left&#8221; border_width=&#8221;2&#8243; el_width=&#8221;30&#8243;][vc_column_text]A collective challenge consisting in <b>accumulating as many kilometers as possible to virtually link Paris to Ouagadougou (Burkina Faso) & Ouagadougou to Yaound\u00e9 (Cameroon) <\/b>!<\/p>\n<p>This challenge is open to all! The more the merrier!<br \/>\nInvite your colleagues, friends and family, young and old, to take up the Solidarity Energy Week challenge.[\/vc_column_text][vc_column_text]In today&#8217;s health context, respect for barrier measures remains essential.<br \/>\nAn outdoor challenge, alone or in a small group, seems to be an appropriate formula!<br \/>\nBy adding up the number of kilometers on our odometer, let&#8217;s show that we&#8217;re united and that we&#8217;re taking action despite the distance![\/vc_column_text][vc_empty_space height=&#8221;10px&#8221;][\/vc_column][vc_column width=&#8221;1\/2&#8243;][vc_empty_space height=&#8221;10px&#8221;][vc_video link=&#8221;https:\/\/youtu.be\/xg5xuT8IayY&#8221;][\/vc_column][\/vc_row][vc_row full_width=&#8221;stretch_row&#8221; css=&#8221;.vc_custom_1619601922296{background-color: #f8f8f8 !important;}&#8221;][vc_column][vc_custom_heading defined_color=&#8221;black&#8221; text=&#8221;How does it work?&#8221; use_theme_fonts=&#8221;yes&#8221;][vc_separator align=&#8221;align_left&#8221; border_width=&#8221;2&#8243; el_width=&#8221;30&#8243;][vc_row_inner][vc_column_inner width=&#8221;1\/4&#8243;][vc_single_image image=&#8221;29024&#8243; img_size=&#8221;medium&#8221; alignment=&#8221;center&#8221;][vc_column_text]<\/p>\n<div class=\"o9v6fnle cxmmr5t8 oygrvhab hcukyx3x c1et5uql ii04i59q\">&#8211; There are several applications<a href=\"https:\/\/www.strava.com\/?hl=fr\">(Strava<\/a>&#8230;) to track your sporting activity, choose the one you like<br \/>\n!<br \/>\n&#8211; Choose the date of your challenge between Monday, September 20 and Sunday, September 26, 2021*.<\/div>\n<div><\/div>\n<div><em>*The challenge can be taken up until October 17 inclusive.<\/em><\/div>\n<p>[\/vc_column_text][\/vc_column_inner][vc_column_inner width=&#8221;1\/4&#8243;][vc_single_image image=&#8221;29026&#8243; img_size=&#8221;medium&#8221; alignment=&#8221;center&#8221;][vc_column_text]<\/p>\n<div class=\"o9v6fnle cxmmr5t8 oygrvhab hcukyx3x c1et5uql ii04i59q\">&#8211; To get started: prepare the application by activating geolocation, and off you go!<br \/>\n&#8211; On arrival: take a photo of yourself and\/or your team<\/div>\n<p>[\/vc_column_text][\/vc_column_inner][vc_column_inner width=&#8221;1\/4&#8243;][vc_single_image image=&#8221;29028&#8243; img_size=&#8221;medium&#8221; alignment=&#8221;center&#8221;][vc_column_text]<\/p>\n<div class=\"o9v6fnle cxmmr5t8 oygrvhab hcukyx3x c1et5uql ii04i59q\">&#8211; Post a photo of you\/your team on social networks with #EnergieSolidaire and tag<br \/>\nElectriciens sans fronti\u00e8res: Facebook @Electriciens sans frontieres or Instagram @esf_fr<\/div>\n<p>[\/vc_column_text][\/vc_column_inner][vc_column_inner width=&#8221;1\/4&#8243;][vc_single_image image=&#8221;29079&#8243; img_size=&#8221;medium&#8221; alignment=&#8221;center&#8221;][vc_column_text]<\/p>\n<div class=\"o9v6fnle cxmmr5t8 oygrvhab hcukyx3x c1et5uql ii04i59q\">&#8211; Declare your KM and make the counter explode!!!<\/div>\n<p>[\/vc_column_text][\/vc_column_inner][\/vc_row_inner][\/vc_column][\/vc_row][vc_row full_width=&#8221;stretch_row&#8221; css=&#8221;.vc_custom_1583924439234{background-color: #f8f8f8 !important;}&#8221;][vc_column width=&#8221;1\/2&#8243; background_position=&#8221;center center&#8221; css=&#8221;.vc_custom_1583925362835{padding-top: 35px !important;background-color: #f8f8f8 !important;}&#8221;][vc_custom_heading defined_color=&#8221;black&#8221; text=&#8221;The counter&#8221; use_theme_fonts=&#8221;yes&#8221;][vc_separator align=&#8221;align_left&#8221; border_width=&#8221;2&#8243; el_width=&#8221;30&#8243;][vc_raw_html]PGRpdiBjbGFzcz0iY291bnRlciBjb3VudGVyX3ZlcnRpY2FsIGFuaW1hdGUtbWF0aCI+PGRpdiBjbGFzcz0iaWNvbl93cmFwcGVyIj48L2Rpdj48ZGl2IGNsYXNzPSJkZXNjX3dyYXBwZXIiPjxkaXYgY2xhc3M9Im51bWJlci13cmFwcGVyIj48c3BhbiBjbGFzcz0ibnVtYmVyIiBkYXRhLXRvPSJbZ3Jhdml0eXdwX2NvdW50IGZvcm1pZD0nMzcnIG51bWJlcl9maWVsZD0nMScgdGhvdXNhbmRzX3NlcD0nJ10iPjA8L3NwYW4+PHNwYW4gY2xhc3M9ImxhYmVsIHBvc3RmaXgiPmttPC9zcGFuPjwvZGl2PjwvZGl2PjwvZGl2Pg==[\/vc_raw_html][vc_column_text]<\/p>\n<p style=\"text-align: center;\">so far!<\/p>\n<p>[\/vc_column_text][\/vc_column][vc_column width=&#8221;1\/2&#8243;][vc_custom_heading defined_color=&#8221;black&#8221; text=&#8221;Add your mileage!&#8221; use_theme_fonts=&#8221;yes&#8221;][vc_separator align=&#8221;align_left&#8221; border_width=&#8221;2&#8243; el_width=&#8221;30&#8243;][vc_column_text]The challenge is over!<\/p>\n<p>See you next year for a new edition![\/vc_column_text][\/vc_column][\/vc_row][vc_row full_width=&#8221;stretch_row&#8221; css=&#8221;.vc_custom_1619607542023{background-color: #ffffff !important;}&#8221;][vc_column background_position=&#8221;center center&#8221; css=&#8221;.vc_custom_1583925362835{padding-top: 35px !important;background-color: #f8f8f8 !important;}&#8221;][vc_custom_heading defined_color=&#8221;black&#8221; text=&#8221;Supporting Energy Solidarity Week&#8221; use_theme_fonts=&#8221;yes&#8221;][vc_separator align=&#8221;align_left&#8221; border_width=&#8221;2&#8243; el_width=&#8221;30&#8243;][vc_single_image image=&#8221;29031&#8243;][\/vc_column][\/vc_row][vc_row full_width=&#8221;stretch_row&#8221; css=&#8221;.vc_custom_1583930705907{background-color: #ffffff !important;}&#8221;][vc_column][vc_custom_heading defined_color=&#8221;black&#8221; text=&#8221;Partners of the week&#8221; use_theme_fonts=&#8221;yes&#8221;][vc_separator align=&#8221;align_left&#8221; border_width=&#8221;2&#8243; el_width=&#8221;30&#8243;][vc_row_inner][vc_column_inner width=&#8221;1\/3&#8243;][\/vc_column_inner][vc_column_inner width=&#8221;1\/3&#8243;][vc_column_text]Legrand, Enedis, Capenergie, FIEEC, Paris Basketball, France Paratonnerres, UFE, Nature \u00e9volution, D\u00e9cathlon Rouen Barentin, D\u00e9cathlon Tourville, Horizons Solidaires, So Coop\u00e9ration, FDME, GIMELEC, Michaud, <span id=\"486998434673668\" class=\"fr-deletable fr-tribute facebook\" contenteditable=\"false\">YESSS Electrique<\/span>, Syndicat de l&#8217;\u00e9clairage, Fisuel, Qualifelec, Plomb-elec 17, <span data-offset-key=\"6f90d-0-0\">Lagazel, Promotelec, Nos villes propres, Radsi Nouvelle Aquitaine, EDF, Nov\u00e9a Energies, R\u00e9seau Bretagne Solidaire<\/span>.[\/vc_column_text][\/vc_column_inner][vc_column_inner width=&#8221;1\/3&#8243;][\/vc_column_inner][vc_column_inner width=&#8221;1\/3&#8243;][\/vc_column_inner][vc_column_inner width=&#8221;1\/3&#8243;][\/vc_column_inner][vc_column_inner width=&#8221;1\/3&#8243;][\/vc_column_inner][\/vc_row_inner][\/vc_column][\/vc_row][vc_row full_width=&#8221;stretch_row_content&#8221;][vc_column css=&#8221;.vc_custom_1556792383082{padding-top: 35px !important;}&#8221;][vc_separator border_width=&#8221;2&#8243;][\/vc_column][\/vc_row]<\/p>\n<\/div>","protected":false},"excerpt":{"rendered":"<p>[vc_row full_width=&#8221;stretch_row&#8221; content_placement=&#8221;middle&#8221; css=&#8221;.vc_custom_1583924511710{background-color: #ffffff !important;}&#8221; el_class=&#8221;grey-row&#8221;][vc_column][vc_single_image image=&#8221;29046&#8243; alignment=&#8221;center&#8221;][\/vc_column][\/vc_row][vc_row][vc_column][vc_custom_heading defined_color=&#8221;black&#8221; text=&#8221;Across France, to raise awareness of our actions, let&#039;s get together!&#8221; use_theme_fonts=&#8221;yes&#8221;][vc_separator align=&#8221;align_left&#8221; border_width=&#8221;2&#8243; el_width=&#8221;30&#8243;][vc_column_text]Solidarity Energy<span class=\"excerpt-hellip\"> [\u2026]<\/span><\/p>\n","protected":false},"author":11,"featured_media":0,"parent":0,"menu_order":11,"comment_status":"closed","ping_status":"closed","template":"","meta":{"footnotes":""},"class_list":["post-42440","page","type-page","status-publish","hentry"],"_links":{"self":[{"href":"https:\/\/www.electriciens-sans-frontieres.org\/en\/wp-json\/wp\/v2\/pages\/42440","targetHints":{"allow":["GET"]}}],"collection":[{"href":"https:\/\/www.electriciens-sans-frontieres.org\/en\/wp-json\/wp\/v2\/pages"}],"about":[{"href":"https:\/\/www.electriciens-sans-frontieres.org\/en\/wp-json\/wp\/v2\/types\/page"}],"author":[{"embeddable":true,"href":"https:\/\/www.electriciens-sans-frontieres.org\/en\/wp-json\/wp\/v2\/users\/11"}],"replies":[{"embeddable":true,"href":"https:\/\/www.electriciens-sans-frontieres.org\/en\/wp-json\/wp\/v2\/comments?post=42440"}],"version-history":[{"count":2,"href":"https:\/\/www.electriciens-sans-frontieres.org\/en\/wp-json\/wp\/v2\/pages\/42440\/revisions"}],"predecessor-version":[{"id":42462,"href":"https:\/\/www.electriciens-sans-frontieres.org\/en\/wp-json\/wp\/v2\/pages\/42440\/revisions\/42462"}],"wp:attachment":[{"href":"https:\/\/www.electriciens-sans-frontieres.org\/en\/wp-json\/wp\/v2\/media?parent=42440"}],"curies":[{"name":"wp","href":"https:\/\/api.w.org\/{rel}","templated":true}]}}